{"id":142,"date":"2025-01-22T16:24:52","date_gmt":"2025-01-22T15:24:52","guid":{"rendered":"https:\/\/www.hotel-landhaus-schlachtensee.de\/?page_id=142"},"modified":"2025-01-22T17:13:03","modified_gmt":"2025-01-22T16:13:03","slug":"umgebung","status":"publish","type":"page","link":"https:\/\/www.hotel-landhaus-schlachtensee.de\/ar\/umgebung\/","title":{"rendered":"\u0627\u0644\u0628\u064a\u0626\u0629 \u0627\u0644\u0645\u062d\u064a\u0637\u0629"},"content":{"rendered":"<div data-elementor-type=\"wp-page\" data-elementor-id=\"142\" class=\"elementor elementor-142\" data-elementor-post-type=\"page\">\n\t\t\t\t\t\t<section class=\"elementor-section elementor-top-section elementor-element elementor-element-672278f9 elementor-section-height-min-height elementor-section-boxed elementor-section-height-default elementor-section-items-middle\" data-id=\"672278f9\" data-element_type=\"section\" data-settings=\"{&quot;background_background&quot;:&quot;classic&quot;}\">\n\t\t\t\t\t\t<div class=\"elementor-container elementor-column-gap-default\">\n\t\t\t\t\t<div class=\"elementor-column elementor-col-100 elementor-top-column elementor-element elementor-element-20f0bcbc\" data-id=\"20f0bcbc\" data-element_type=\"column\">\n\t\t\t<div class=\"elementor-widget-wrap elementor-element-populated\">\n\t\t\t\t\t\t<div class=\"elementor-element elementor-element-6779484 elementor-widget elementor-widget-text-editor\" data-id=\"6779484\" data-element_type=\"widget\" data-widget_type=\"text-editor.default\">\n\t\t\t\t<div class=\"elementor-widget-container\">\n\t\t\t\t\t\t\t\t\t<p>\u0627\u0644\u0645\u0646\u0627\u0637\u0642 \u0627\u0644\u0645\u062d\u064a\u0637\u0629 \u0628\u0641\u0646\u062f\u0642 \u0644\u0627\u0646\u062f\u0647\u0627\u0648\u0633 \u0634\u0644\u0627\u0634\u062a\u0646\u0633\u064a\u0647<\/p>\t\t\t\t\t\t\t\t<\/div>\n\t\t\t\t<\/div>\n\t\t\t\t<div class=\"elementor-element elementor-element-34a487e elementor-widget elementor-widget-text-editor\" data-id=\"34a487e\" data-element_type=\"widget\" data-widget_type=\"text-editor.default\">\n\t\t\t\t<div class=\"elementor-widget-container\">\n\t\t\t\t\t\t\t\t\t<p>\"\u0641\u064a \u0635\u0645\u062a \u0627\u0644\u0637\u0628\u064a\u0639\u0629\u060c \u0646\u062c\u062f \u0627\u0644\u062b\u0631\u0627\u0621 \u0627\u0644\u062d\u0642\u064a\u0642\u064a \u0644\u0644\u062d\u064a\u0627\u0629 - \u0627\u0644\u0648\u0642\u062a \u0648\u0627\u0644\u0633\u0644\u0627\u0645 \u0648\u0627\u0644\u0634\u0639\u0648\u0631 \u0628\u0627\u0644\u0648\u0635\u0648\u0644\".<\/p>\t\t\t\t\t\t\t\t<\/div>\n\t\t\t\t<\/div>\n\t\t\t\t\t<\/div>\n\t\t<\/div>\n\t\t\t\t\t<\/div>\n\t\t<\/section>\n\t\t<div class=\"elementor-element elementor-element-70d9858 e-flex e-con-boxed e-con e-parent\" data-id=\"70d9858\" data-element_type=\"container\">\n\t\t\t\t\t<div class=\"e-con-inner\">\n\t\t<div class=\"elementor-element elementor-element-c596205 e-con-full e-flex e-con e-child\" data-id=\"c596205\" data-element_type=\"container\">\n\t\t\t\t<div class=\"elementor-element elementor-element-bacbaca elementor-widget elementor-widget-image\" data-id=\"bacbaca\" data-element_type=\"widget\" data-widget_type=\"image.default\">\n\t\t\t\t<div class=\"elementor-widget-container\">\n\t\t\t\t\t\t\t\t\t\t\t\t\t\t\t<img fetchpriority=\"high\" decoding=\"async\" width=\"800\" height=\"600\" src=\"https:\/\/www.hotel-landhaus-schlachtensee.de\/wp-content\/uploads\/2025\/01\/lake-1689666_1280-1024x768.jpg\" class=\"attachment-large size-large wp-image-143\" alt=\"Schlachtensee\" srcset=\"https:\/\/www.hotel-landhaus-schlachtensee.de\/wp-content\/uploads\/2025\/01\/lake-1689666_1280-1024x768.jpg 1024w, https:\/\/www.hotel-landhaus-schlachtensee.de\/wp-content\/uploads\/2025\/01\/lake-1689666_1280-300x225.jpg 300w, https:\/\/www.hotel-landhaus-schlachtensee.de\/wp-content\/uploads\/2025\/01\/lake-1689666_1280-768x576.jpg 768w, https:\/\/www.hotel-landhaus-schlachtensee.de\/wp-content\/uploads\/2025\/01\/lake-1689666_1280.jpg 1280w\" sizes=\"(max-width: 800px) 100vw, 800px\" \/>\t\t\t\t\t\t\t\t\t\t\t\t\t\t\t<\/div>\n\t\t\t\t<\/div>\n\t\t\t\t<\/div>\n\t\t<div class=\"elementor-element elementor-element-5973ccb e-con-full e-flex e-con e-child\" data-id=\"5973ccb\" data-element_type=\"container\">\n\t\t\t\t<div class=\"elementor-element elementor-element-6f96367 elementor-widget elementor-widget-text-editor\" data-id=\"6f96367\" data-element_type=\"widget\" data-widget_type=\"text-editor.default\">\n\t\t\t\t<div class=\"elementor-widget-container\">\n\t\t\t\t\t\t\t\t\t<h2>\u0627\u0644\u0637\u0628\u064a\u0639\u0629 \u0627\u0644\u0646\u0642\u064a\u0629 - \u0641\u064a \u0648\u0633\u0637 \u0628\u0631\u0644\u064a\u0646<\/h2><h3>\u0627\u0644\u062a\u0631\u0641\u064a\u0647\/\u0627\u0644\u0627\u0633\u062a\u062c\u0645\u0627\u0645<\/h3>\t\t\t\t\t\t\t\t<\/div>\n\t\t\t\t<\/div>\n\t\t\t\t<div class=\"elementor-element elementor-element-7aec986 elementor-widget elementor-widget-text-editor\" data-id=\"7aec986\" data-element_type=\"widget\" data-widget_type=\"text-editor.default\">\n\t\t\t\t<div class=\"elementor-widget-container\">\n\t\t\t\t\t\t\t\t\t<p>\u0623\u0648\u0644\u0627\u064b \u0648\u0642\u0628\u0644 \u0643\u0644 \u0634\u064a\u0621\u060c \u0628\u0627\u0644\u0637\u0628\u0639\u060c \u064a\u062c\u0628 \u0630\u0643\u0631 \u0628\u062d\u064a\u0631\u0629 \u0634\u0644\u0627\u0634\u062a\u0646\u0633\u064a \u0647\u0646\u0627. \u0648\u0647\u064a \u062a\u0642\u0639 \u0641\u064a \u0623\u0642\u0635\u0649 \u062c\u0646\u0648\u0628 \u0633\u0644\u0633\u0644\u0629 \u0628\u062d\u064a\u0631\u0627\u062a \u063a\u0631\u0648\u0646\u0641\u0627\u0644\u062f \u0627\u0644\u0643\u0628\u064a\u0631\u0629.<\/p><p>\u0648\u064a\u0648\u062c\u062f \u0639\u0644\u0649 \u0636\u0641\u0627\u0641\u0647\u0627 \u0645\u0633\u0627\u0631 \u0644\u0644\u0645\u0634\u064a \u0644\u0645\u0633\u0627\u0641\u0627\u062a \u0637\u0648\u064a\u0644\u0629 \u064a\u0645\u062a\u062f \u0644\u0645\u0633\u0627\u0641\u0629 5.5 \u0643\u064a\u0644\u0648\u0645\u062a\u0631 \u062d\u0648\u0644 \u0627\u0644\u0628\u062d\u064a\u0631\u0629 \u0648\u064a\u062f\u0639\u0648\u0643 \u0644\u0645\u0645\u0627\u0631\u0633\u0629 \u0631\u064a\u0627\u0636\u0629 \u0627\u0644\u0645\u0634\u064a \u0623\u0648 \u0627\u0644\u0645\u0634\u064a \u0623\u0648 \u0627\u0644\u0631\u0643\u0636. \u0641\u064a \u0627\u0644\u0623\u0634\u0647\u0631 \u0627\u0644\u0623\u0643\u062b\u0631 \u062f\u0641\u0626\u0627\u064b\u060c \u062a\u064f\u0639\u062f \u0627\u0644\u0628\u062d\u064a\u0631\u0629 \u0645\u0643\u0627\u0646\u0627\u064b \u0634\u0647\u064a\u0631\u0627\u064b \u0644\u0633\u0643\u0627\u0646 \u0628\u0631\u0644\u064a\u0646 \u0648\u0633\u0627\u0626\u062d\u064a \u0628\u0631\u0644\u064a\u0646 \u0644\u0644\u0627\u0633\u062a\u0631\u062e\u0627\u0621 \u0641\u064a \u062f\u0631\u062c\u0627\u062a \u0627\u0644\u062d\u0631\u0627\u0631\u0629 \u0641\u064a \u0627\u0644\u0635\u064a\u0641. \u062a\u062f\u0639\u0648\u0643 \u0627\u0644\u0639\u062f\u064a\u062f \u0645\u0646 \u0645\u0631\u0648\u062c \u062d\u0645\u0627\u0645\u0627\u062a \u0627\u0644\u0634\u0645\u0633 \u0628\u0627\u0644\u0642\u0631\u0628 \u0645\u0646 S-Bahn \u0648\u0639\u0644\u0649 \u0627\u0644\u0636\u0641\u0629 \u0627\u0644\u0634\u0645\u0627\u0644\u064a\u0629 \u0627\u0644\u0634\u0631\u0642\u064a\u0629 \u0625\u0644\u0649 \u0627\u0644\u0627\u0633\u062a\u0631\u062e\u0627\u0621 \u0648\u0627\u0644\u0627\u0633\u062a\u0631\u062e\u0627\u0621 \u0648\u0627\u0644\u062a\u0646\u0632\u0647.<\/p><p>\u064a\u0645\u0643\u0646 \u0644\u0644\u0642\u0628\u0627\u0637\u0646\u0629 \u0627\u0644\u0647\u0648\u0627\u0629 \u0627\u0633\u062a\u0626\u062c\u0627\u0631 \u0642\u0627\u0631\u0628 \u062a\u062c\u062f\u064a\u0641 \u0645\u0646 \u0645\u0631\u0643\u0632 \u062a\u0623\u062c\u064a\u0631 \u0627\u0644\u0642\u0648\u0627\u0631\u0628 \u0639\u0644\u0649 \u0627\u0644\u0636\u0641\u0629 \u0627\u0644\u0634\u0631\u0642\u064a\u0629. \u0633\u064a\u062d\u0635\u0644 \u0627\u0644\u0635\u064a\u0627\u062f\u0648\u0646 \u0639\u0644\u0649 \u0642\u064a\u0645\u0629 \u0623\u0645\u0648\u0627\u0644\u0647\u0645 \u0647\u0646\u0627\u060c \u0648\u0643\u0630\u0644\u0643 \u0632\u0648\u0627\u0631 \u0627\u0644\u0646\u0632\u0644 \u0627\u0644\u062a\u0627\u0631\u064a\u062e\u064a \u0645\u0639 \u062d\u062f\u064a\u0642\u0629 \u0627\u0644\u0628\u064a\u0631\u0629 \u0627\u0644\u0630\u064a\u0646 \u064a\u0641\u0636\u0644\u0648\u0646 \u062a\u0631\u0643 \u0627\u0644\u0645\u064a\u0627\u0647 \u0627\u0644\u0628\u0627\u0631\u062f\u0629 \u062a\u062c\u0631\u064a \u0641\u064a \u062d\u0646\u0627\u062c\u0631\u0647\u0645.<\/p>\t\t\t\t\t\t\t\t<\/div>\n\t\t\t\t<\/div>\n\t\t\t\t<div class=\"elementor-element elementor-element-706e298 elementor-widget-divider--view-line elementor-widget elementor-widget-divider\" data-id=\"706e298\" data-element_type=\"widget\" data-widget_type=\"divider.default\">\n\t\t\t\t<div class=\"elementor-widget-container\">\n\t\t\t\t\t\t\t<div class=\"elementor-divider\">\n\t\t\t<span class=\"elementor-divider-separator\">\n\t\t\t\t\t\t<\/span>\n\t\t<\/div>\n\t\t\t\t\t\t<\/div>\n\t\t\t\t<\/div>\n\t\t\t\t<div class=\"elementor-element elementor-element-1fac3a7 elementor-widget elementor-widget-text-editor\" data-id=\"1fac3a7\" data-element_type=\"widget\" data-widget_type=\"text-editor.default\">\n\t\t\t\t<div class=\"elementor-widget-container\">\n\t\t\t\t\t\t\t\t\t<p>\u0643\u0648\u062e \u0627\u0644\u0635\u064a\u062f \u0641\u064a \u0634\u0644\u0627\u0634\u062a\u0646\u0633\u064a\u0647<br \/>Fischerh\u00fcttenstra\u00dfe 136<br \/>14136 \u0628\u0631\u0644\u064a\u0646 14136<br \/>\u0627\u0644\u0647\u0627\u062a\u0641: 030-80-80 49 83 10<br \/>\u0631\u0642\u0645 \u0627\u0644\u0641\u0627\u0643\u0633: 030-80 49 83 83 26<\/p><p>\u062a\u0623\u062c\u064a\u0631 \u0627\u0644\u0642\u0648\u0627\u0631\u0628 \u0634\u0644\u0627\u0634\u062a\u0646\u0633\u064a\u0647<br \/>\u0623\u0645 \u0645\u0627\u0631\u064a\u0646\u0633\u062a\u064a\u062c 5<br \/>14129 \u0628\u0631\u0644\u064a\u0646 14129<br \/>\u0627\u0644\u0647\u0627\u062a\u0641: 030-803 73 04 04<\/p>\t\t\t\t\t\t\t\t<\/div>\n\t\t\t\t<\/div>\n\t\t\t\t<\/div>\n\t\t\t\t\t<\/div>\n\t\t\t\t<\/div>\n\t\t<div class=\"elementor-element elementor-element-7c4a164 e-flex e-con-boxed e-con e-parent\" data-id=\"7c4a164\" data-element_type=\"container\" data-settings=\"{&quot;background_background&quot;:&quot;classic&quot;}\">\n\t\t\t\t\t<div class=\"e-con-inner\">\n\t\t<div class=\"elementor-element elementor-element-e79ba0e e-con-full e-flex e-con e-child\" data-id=\"e79ba0e\" data-element_type=\"container\">\n\t\t\t\t<div class=\"elementor-element elementor-element-550414b elementor-widget elementor-widget-image\" data-id=\"550414b\" data-element_type=\"widget\" data-widget_type=\"image.default\">\n\t\t\t\t<div class=\"elementor-widget-container\">\n\t\t\t\t\t\t\t\t\t\t\t\t\t\t\t<img decoding=\"async\" width=\"800\" height=\"534\" src=\"https:\/\/www.hotel-landhaus-schlachtensee.de\/wp-content\/uploads\/2025\/01\/127967692.jpg\" class=\"attachment-large size-large wp-image-97\" alt=\"Kaffee\" srcset=\"https:\/\/www.hotel-landhaus-schlachtensee.de\/wp-content\/uploads\/2025\/01\/127967692.jpg 1024w, https:\/\/www.hotel-landhaus-schlachtensee.de\/wp-content\/uploads\/2025\/01\/127967692-300x200.jpg 300w, https:\/\/www.hotel-landhaus-schlachtensee.de\/wp-content\/uploads\/2025\/01\/127967692-768x512.jpg 768w\" sizes=\"(max-width: 800px) 100vw, 800px\" \/>\t\t\t\t\t\t\t\t\t\t\t\t\t\t\t<\/div>\n\t\t\t\t<\/div>\n\t\t\t\t<div class=\"elementor-element elementor-element-3f2ab4d elementor-widget elementor-widget-image\" data-id=\"3f2ab4d\" data-element_type=\"widget\" data-widget_type=\"image.default\">\n\t\t\t\t<div class=\"elementor-widget-container\">\n\t\t\t\t\t\t\t\t\t\t\t\t\t\t\t<img decoding=\"async\" width=\"800\" height=\"600\" src=\"https:\/\/www.hotel-landhaus-schlachtensee.de\/wp-content\/uploads\/2025\/01\/12252074.jpg\" class=\"attachment-large size-large wp-image-157\" alt=\"Buffett\" srcset=\"https:\/\/www.hotel-landhaus-schlachtensee.de\/wp-content\/uploads\/2025\/01\/12252074.jpg 1024w, https:\/\/www.hotel-landhaus-schlachtensee.de\/wp-content\/uploads\/2025\/01\/12252074-300x225.jpg 300w, https:\/\/www.hotel-landhaus-schlachtensee.de\/wp-content\/uploads\/2025\/01\/12252074-768x576.jpg 768w\" sizes=\"(max-width: 800px) 100vw, 800px\" \/>\t\t\t\t\t\t\t\t\t\t\t\t\t\t\t<\/div>\n\t\t\t\t<\/div>\n\t\t\t\t<\/div>\n\t\t<div class=\"elementor-element elementor-element-d1fc954 e-con-full e-flex e-con e-child\" data-id=\"d1fc954\" data-element_type=\"container\">\n\t\t\t\t<div class=\"elementor-element elementor-element-82209b0 elementor-widget elementor-widget-text-editor\" data-id=\"82209b0\" data-element_type=\"widget\" data-widget_type=\"text-editor.default\">\n\t\t\t\t<div class=\"elementor-widget-container\">\n\t\t\t\t\t\t\t\t\t<h2>\u0627\u0644\u0645\u062a\u0639\u0629 \u0627\u0644\u062e\u0627\u0644\u0635\u0629 - \u0641\u0646 \u0627\u0644\u0637\u0647\u0648<\/h2>\t\t\t\t\t\t\t\t<\/div>\n\t\t\t\t<\/div>\n\t\t\t\t<div class=\"elementor-element elementor-element-6326c23 elementor-widget elementor-widget-text-editor\" data-id=\"6326c23\" data-element_type=\"widget\" data-widget_type=\"text-editor.default\">\n\t\t\t\t<div class=\"elementor-widget-container\">\n\t\t\t\t\t\t\t\t\t<p>\u064a\u062a\u0645 \u0627\u0644\u0627\u0639\u062a\u0646\u0627\u0621 \u0628\u0631\u0641\u0627\u0647\u064a\u062a\u0643 \u0627\u0644\u0628\u062f\u0646\u064a\u0629 \u0641\u064a \u0627\u0644\u0635\u0628\u0627\u062d \u0628\u0634\u0643\u0644 \u062c\u064a\u062f \u0641\u064a \u0641\u0646\u062f\u0642 \u0644\u0627\u0646\u062f\u0647\u0627\u0648\u0633 \u0634\u0644\u0627\u0634\u062a\u0646\u0633\u064a\u0647. \u064a\u0636\u0645\u0646 \u0644\u0643 \u0625\u0641\u0637\u0627\u0631\u0646\u0627 \u0627\u0644\u063a\u0646\u064a \u0648\u0627\u0644\u0645\u062a\u0646\u0648\u0639 \u0628\u062f\u0627\u064a\u0629 \u0645\u062b\u0627\u0644\u064a\u0629 \u0644\u064a\u0648\u0645\u0643.<\/p><p>\u062a\u0648\u062c\u062f \u0623\u064a\u0636\u0627\u064b \u0645\u0637\u0627\u0639\u0645 \u0641\u064a \u0627\u0644\u0645\u0646\u0637\u0642\u0629 \u0627\u0644\u0645\u062c\u0627\u0648\u0631\u0629 \u0645\u0628\u0627\u0634\u0631\u0629\u064b \u062a\u0642\u062f\u0645 \u0645\u062c\u0645\u0648\u0639\u0629 \u0645\u062a\u0646\u0648\u0639\u0629 \u0645\u0646 \u0627\u0644\u0645\u0623\u0643\u0648\u0644\u0627\u062a \u0648\u0627\u0644\u0645\u0634\u0631\u0648\u0628\u0627\u062a. \u0648\u062a\u0648\u062c\u062f \u0645\u0637\u0627\u0639\u0645 \u0643\u0644\u0627\u0633\u064a\u0643\u064a\u0629 \u062a\u0642\u062f\u0645 \u0627\u0644\u0645\u0623\u0643\u0648\u0644\u0627\u062a \u0627\u0644\u0623\u0644\u0645\u0627\u0646\u064a\u0629 \u0648\u0627\u0644\u0639\u0627\u0644\u0645\u064a\u0629 \u0628\u0627\u0644\u0625\u0636\u0627\u0641\u0629 \u0625\u0644\u0649 \u0645\u0637\u0627\u0639\u0645 \u0627\u0644\u0630\u0648\u0627\u0642\u0629 \u0627\u0644\u062a\u064a \u062a\u0642\u062f\u0645 \u0645\u0623\u0643\u0648\u0644\u0627\u062a \u0639\u0627\u0644\u064a\u0629 \u0627\u0644\u062c\u0648\u062f\u0629 \u062d\u0627\u0635\u0644\u0629 \u0639\u0644\u0649 \u0646\u062c\u0645\u0629 \u0645\u064a\u0634\u0644\u0627\u0646.<br \/>\u0644\u0642\u062f \u0627\u062e\u062a\u0631\u0646\u0627 \u0623\u062f\u0646\u0627\u0647 \u0628\u0639\u0636 \u0627\u0644\u0639\u0646\u0627\u0648\u064a\u0646 \u0627\u0644\u062a\u064a \u062a\u064f\u0638\u0647\u0631 \u0627\u0644\u0645\u062c\u0645\u0648\u0639\u0629 \u0627\u0644\u0648\u0627\u0633\u0639\u0629 \u0645\u0646 \u0639\u0631\u0648\u0636 \u062a\u0630\u0648\u0642 \u0627\u0644\u0637\u0639\u0627\u0645 \u0641\u064a \u063a\u0631\u0648\u0646\u0641\u0627\u0644\u062f \u062d\u0648\u0644 \u0634\u0644\u0627\u0634\u062a\u0646\u0633\u064a\u0647. \u0627\u0646\u0639\u0643\u0627\u0633 \u0635\u063a\u064a\u0631 \u0644\u0645\u0634\u0647\u062f \u062a\u0630\u0648\u0642 \u0627\u0644\u0637\u0639\u0627\u0645 \u0627\u0644\u0645\u062a\u0646\u0648\u0639 \u0641\u064a \u0627\u0644\u0639\u0627\u0635\u0645\u0629.<\/p>\t\t\t\t\t\t\t\t<\/div>\n\t\t\t\t<\/div>\n\t\t\t\t<div class=\"elementor-element elementor-element-5b32d88 elementor-widget-divider--view-line elementor-widget elementor-widget-divider\" data-id=\"5b32d88\" data-element_type=\"widget\" data-widget_type=\"divider.default\">\n\t\t\t\t<div class=\"elementor-widget-container\">\n\t\t\t\t\t\t\t<div class=\"elementor-divider\">\n\t\t\t<span class=\"elementor-divider-separator\">\n\t\t\t\t\t\t<\/span>\n\t\t<\/div>\n\t\t\t\t\t\t<\/div>\n\t\t\t\t<\/div>\n\t\t\t\t<div class=\"elementor-element elementor-element-b571336 elementor-widget elementor-widget-text-editor\" data-id=\"b571336\" data-element_type=\"widget\" data-widget_type=\"text-editor.default\">\n\t\t\t\t<div class=\"elementor-widget-container\">\n\t\t\t\t\t\t\t\t\t<p><strong>\u0628\u064a\u062a\u0632\u0627 \u0644\u0627 \u062c\u0648\u0646\u062f\u0648\u0644\u0627 \u062f\u0648\u064a<\/strong><br \/>\u0628\u064a\u0631\u0646\u0634\u062a\u0631\u0627 57\u060c 14163 \u0628\u0631\u0644\u064a\u0646<br \/>\u0627\u0644\u0647\u0627\u062a\u0641: 030-802-802 43 64<br \/>www.lagondoladue.de<br \/>\u0627\u0644\u0645\u0637\u0628\u062e: \u0625\u064a\u0637\u0627\u0644\u064a<\/p><p><strong>\u0628\u064a\u062a\u0632\u0627 \u0628\u064a\u0627\u0632\u0627<\/strong><br \/>\u0628\u0648\u0644\u0648\u0634\u062a\u0631\u0627\u0633\u064a\u0647 \u0628\u0648\u0644\u0648 1\u060c 14163 \u0628\u0631\u0644\u064a\u0646<br \/>\u0647\u0627\u062a\u0641: 030-80 58 58 50 88<br \/>\u0628\u064a\u062a\u0632\u0627-\u0628\u064a\u0627\u0632\u0627-\u0628\u0631\u0644\u064a\u0646.9\u062c.\u062f\u0649<br \/>\u0627\u0644\u0645\u0637\u0628\u062e: \u0625\u064a\u0637\u0627\u0644\u064a<\/p><p><strong>\u0643\u0648\u062e \u0627\u0644\u0635\u064a\u062f \u0641\u064a \u0634\u0644\u0627\u0634\u062a\u0646\u0633\u064a\u0647<\/strong><br \/>Fischerh\u00fcttenstra\u00dfe 136\u060c 14136 \u0628\u0631\u0644\u064a\u0646<br \/>\u0627\u0644\u0647\u0627\u062a\u0641: 030-80-80 49 83 10<br \/>www.fischerhuette-berlin.de<br \/>\u0627\u0644\u0645\u0637\u0628\u062e: \u0639\u0627\u0644\u0645\u064a<\/p>\t\t\t\t\t\t\t\t<\/div>\n\t\t\t\t<\/div>\n\t\t\t\t<\/div>\n\t\t\t\t\t<\/div>\n\t\t\t\t<\/div>\n\t\t<div class=\"elementor-element elementor-element-54f5d03 e-flex e-con-boxed e-con e-parent\" data-id=\"54f5d03\" data-element_type=\"container\">\n\t\t\t\t\t<div class=\"e-con-inner\">\n\t\t<div class=\"elementor-element elementor-element-2145c14 e-con-full e-flex e-con e-child\" data-id=\"2145c14\" data-element_type=\"container\">\n\t\t\t\t<div class=\"elementor-element elementor-element-e8f8c39 elementor-widget elementor-widget-image\" data-id=\"e8f8c39\" data-element_type=\"widget\" data-widget_type=\"image.default\">\n\t\t\t\t<div class=\"elementor-widget-container\">\n\t\t\t\t\t\t\t\t\t\t\t\t\t\t\t<img fetchpriority=\"high\" decoding=\"async\" width=\"800\" height=\"600\" src=\"https:\/\/www.hotel-landhaus-schlachtensee.de\/wp-content\/uploads\/2025\/01\/lake-1689666_1280-1024x768.jpg\" class=\"attachment-large size-large wp-image-143\" alt=\"Schlachtensee\" srcset=\"https:\/\/www.hotel-landhaus-schlachtensee.de\/wp-content\/uploads\/2025\/01\/lake-1689666_1280-1024x768.jpg 1024w, https:\/\/www.hotel-landhaus-schlachtensee.de\/wp-content\/uploads\/2025\/01\/lake-1689666_1280-300x225.jpg 300w, https:\/\/www.hotel-landhaus-schlachtensee.de\/wp-content\/uploads\/2025\/01\/lake-1689666_1280-768x576.jpg 768w, https:\/\/www.hotel-landhaus-schlachtensee.de\/wp-content\/uploads\/2025\/01\/lake-1689666_1280.jpg 1280w\" sizes=\"(max-width: 800px) 100vw, 800px\" \/>\t\t\t\t\t\t\t\t\t\t\t\t\t\t\t<\/div>\n\t\t\t\t<\/div>\n\t\t\t\t<\/div>\n\t\t<div class=\"elementor-element elementor-element-eeb4250 e-con-full e-flex e-con e-child\" data-id=\"eeb4250\" data-element_type=\"container\">\n\t\t\t\t<div class=\"elementor-element elementor-element-3d6a950 elementor-widget elementor-widget-text-editor\" data-id=\"3d6a950\" data-element_type=\"widget\" data-widget_type=\"text-editor.default\">\n\t\t\t\t<div class=\"elementor-widget-container\">\n\t\t\t\t\t\t\t\t\t<h2>\u0627\u0644\u0623\u0645\u0627\u0643\u0646 \u0630\u0627\u062a \u0627\u0644\u0623\u0647\u0645\u064a\u0629<\/h2>\t\t\t\t\t\t\t\t<\/div>\n\t\t\t\t<\/div>\n\t\t\t\t<div class=\"elementor-element elementor-element-f54bd8b elementor-widget elementor-widget-text-editor\" data-id=\"f54bd8b\" data-element_type=\"widget\" data-widget_type=\"text-editor.default\">\n\t\t\t\t<div class=\"elementor-widget-container\">\n\t\t\t\t\t\t\t\t\t<p>\u0628\u0627\u0644\u0625\u0636\u0627\u0641\u0629 \u0625\u0644\u0649 \u0627\u0644\u0645\u062d\u064a\u0637 \u0627\u0644\u0637\u0628\u064a\u0639\u064a \u0627\u0644\u0631\u0627\u0626\u0639 \u0627\u0644\u0630\u064a \u064a\u0642\u0639 \u0641\u064a\u0647 \u0641\u0646\u062f\u0642 \u0644\u0627\u0646\u062f\u0647\u0627\u0648\u0633 \u0634\u0644\u0627\u0634\u062a\u0646\u0633\u064a\u060c \u0647\u0646\u0627\u0643 \u0623\u064a\u0636\u0627\u064b \u0645\u0639\u0627\u0644\u0645 \u062b\u0642\u0627\u0641\u064a\u0629 \u064a\u0645\u0643\u0646 \u0644\u0646\u0632\u0644\u0627\u0621 \u0627\u0644\u0641\u0646\u062f\u0642 \u0627\u0644\u0645\u0647\u062a\u0645\u064a\u0646 \u0628\u0627\u0643\u062a\u0634\u0627\u0641\u0647\u0627. \u0648\u062a\u0634\u0645\u0644 \u0647\u0630\u0647 \u0627\u0644\u0645\u0639\u0627\u0644\u0645\u060c \u0639\u0644\u0649 \u0633\u0628\u064a\u0644 \u0627\u0644\u0645\u062b\u0627\u0644\u060c \u0645\u062a\u0627\u062d\u0641 \u0648\u0644\u0627\u064a\u0629 \u0628\u0631\u0644\u064a\u0646-\u062f\u0627\u0644\u0645\u060c \u0648\u0642\u0635\u0631 \u063a\u0644\u064a\u0646\u0643\u0647\u060c \u0648\u0646\u0632\u0644 \u063a\u0631\u0648\u0646\u0641\u0627\u0644\u062f \u0644\u0644\u0635\u064a\u062f \u0648\u062c\u0632\u064a\u0631\u0629 \u0627\u0644\u0637\u0627\u0648\u0648\u0633 \u0628\u0642\u0635\u0631\u0647\u0627 \u0627\u0644\u062a\u0631\u0641\u064a\u0647\u064a.\u00a0<\/p>\n<p>\u064a\u0645\u0643\u0646\u0643 \u0627\u0644\u062d\u0635\u0648\u0644 \u0641\u064a \u0645\u0643\u062a\u0628 \u0627\u0644\u0627\u0633\u062a\u0642\u0628\u0627\u0644 \u0639\u0644\u0649 \u0645\u0648\u0627\u062f \u0625\u0639\u0644\u0627\u0645\u064a\u0629 \u0625\u0636\u0627\u0641\u064a\u0629 \u0639\u0646 \u0648\u062c\u0647\u0627\u062a \u0627\u0644\u0631\u062d\u0644\u0627\u062a \u0648\u0627\u0644\u0645\u0639\u0627\u0644\u0645 \u0627\u0644\u0633\u064a\u0627\u062d\u064a\u0629 \u0648\u0645\u0648\u0627\u0639\u064a\u062f \u0627\u0644\u0639\u0645\u0644 \u0648\u0648\u0633\u0627\u0626\u0644 \u0627\u0644\u0645\u0648\u0627\u0635\u0644\u0627\u062a.\u00a0<\/p>\n<p>\u00a0<\/p>\t\t\t\t\t\t\t\t<\/div>\n\t\t\t\t<\/div>\n\t\t\t\t<div class=\"elementor-element elementor-element-3720bff elementor-widget-divider--view-line elementor-widget elementor-widget-divider\" data-id=\"3720bff\" data-element_type=\"widget\" data-widget_type=\"divider.default\">\n\t\t\t\t<div class=\"elementor-widget-container\">\n\t\t\t\t\t\t\t<div class=\"elementor-divider\">\n\t\t\t<span class=\"elementor-divider-separator\">\n\t\t\t\t\t\t<\/span>\n\t\t<\/div>\n\t\t\t\t\t\t<\/div>\n\t\t\t\t<\/div>\n\t\t\t\t<\/div>\n\t\t\t\t\t<\/div>\n\t\t\t\t<\/div>\n\t\t\t\t<\/div>","protected":false},"excerpt":{"rendered":"<p>Umgebung des Hotels Landhaus Schlachtensee &#8222;In der Stille der Natur finden wir den wahren Reichtum des Lebens \u2013 Zeit, Frieden und das Gef\u00fchl, angekommen zu sein.&#8220; Natur pur &#8211; Mitten in Berlin Freizeit\/Erholung In erster Linie muss hier nat\u00fcrlich der Schlachtensee erw\u00e4hnt werden. Er ist der s\u00fcdlichste der gro\u00dfen Grunewald-Seenkette. An seinen Ufern befindet sich [&hellip;]<\/p>","protected":false},"author":1,"featured_media":0,"parent":0,"menu_order":0,"comment_status":"closed","ping_status":"closed","template":"","meta":{"footnotes":""},"class_list":["post-142","page","type-page","status-publish","hentry"],"_links":{"self":[{"href":"https:\/\/www.hotel-landhaus-schlachtensee.de\/ar\/wp-json\/wp\/v2\/pages\/142","targetHints":{"allow":["GET"]}}],"collection":[{"href":"https:\/\/www.hotel-landhaus-schlachtensee.de\/ar\/wp-json\/wp\/v2\/pages"}],"about":[{"href":"https:\/\/www.hotel-landhaus-schlachtensee.de\/ar\/wp-json\/wp\/v2\/types\/page"}],"author":[{"embeddable":true,"href":"https:\/\/www.hotel-landhaus-schlachtensee.de\/ar\/wp-json\/wp\/v2\/users\/1"}],"replies":[{"embeddable":true,"href":"https:\/\/www.hotel-landhaus-schlachtensee.de\/ar\/wp-json\/wp\/v2\/comments?post=142"}],"version-history":[{"count":17,"href":"https:\/\/www.hotel-landhaus-schlachtensee.de\/ar\/wp-json\/wp\/v2\/pages\/142\/revisions"}],"predecessor-version":[{"id":166,"href":"https:\/\/www.hotel-landhaus-schlachtensee.de\/ar\/wp-json\/wp\/v2\/pages\/142\/revisions\/166"}],"wp:attachment":[{"href":"https:\/\/www.hotel-landhaus-schlachtensee.de\/ar\/wp-json\/wp\/v2\/media?parent=142"}],"curies":[{"name":"wp","href":"https:\/\/api.w.org\/{rel}","templated":true}]}}