{"id":142,"date":"2025-01-22T16:24:52","date_gmt":"2025-01-22T15:24:52","guid":{"rendered":"https:\/\/www.hotel-landhaus-schlachtensee.de\/?page_id=142"},"modified":"2025-01-22T17:13:03","modified_gmt":"2025-01-22T16:13:03","slug":"umgebung","status":"publish","type":"page","link":"https:\/\/www.hotel-landhaus-schlachtensee.de\/nl\/umgebung\/","title":{"rendered":"Omgeving"},"content":{"rendered":"<div data-elementor-type=\"wp-page\" data-elementor-id=\"142\" class=\"elementor elementor-142\" data-elementor-post-type=\"page\">\n\t\t\t\t\t\t<section class=\"elementor-section elementor-top-section elementor-element elementor-element-672278f9 elementor-section-height-min-height elementor-section-boxed elementor-section-height-default elementor-section-items-middle\" data-id=\"672278f9\" data-element_type=\"section\" data-settings=\"{&quot;background_background&quot;:&quot;classic&quot;}\">\n\t\t\t\t\t\t<div class=\"elementor-container elementor-column-gap-default\">\n\t\t\t\t\t<div class=\"elementor-column elementor-col-100 elementor-top-column elementor-element elementor-element-20f0bcbc\" data-id=\"20f0bcbc\" data-element_type=\"column\">\n\t\t\t<div class=\"elementor-widget-wrap elementor-element-populated\">\n\t\t\t\t\t\t<div class=\"elementor-element elementor-element-6779484 elementor-widget elementor-widget-text-editor\" data-id=\"6779484\" data-element_type=\"widget\" data-widget_type=\"text-editor.default\">\n\t\t\t\t<div class=\"elementor-widget-container\">\n\t\t\t\t\t\t\t\t\t<p>Omgeving van Hotel Landhaus Schlachtensee<\/p>\t\t\t\t\t\t\t\t<\/div>\n\t\t\t\t<\/div>\n\t\t\t\t<div class=\"elementor-element elementor-element-34a487e elementor-widget elementor-widget-text-editor\" data-id=\"34a487e\" data-element_type=\"widget\" data-widget_type=\"text-editor.default\">\n\t\t\t\t<div class=\"elementor-widget-container\">\n\t\t\t\t\t\t\t\t\t<p>\"In de stilte van de natuur vinden we de ware rijkdom van het leven - tijd, rust en het gevoel aangekomen te zijn.\"<\/p>\t\t\t\t\t\t\t\t<\/div>\n\t\t\t\t<\/div>\n\t\t\t\t\t<\/div>\n\t\t<\/div>\n\t\t\t\t\t<\/div>\n\t\t<\/section>\n\t\t<div class=\"elementor-element elementor-element-70d9858 e-flex e-con-boxed e-con e-parent\" data-id=\"70d9858\" data-element_type=\"container\">\n\t\t\t\t\t<div class=\"e-con-inner\">\n\t\t<div class=\"elementor-element elementor-element-c596205 e-con-full e-flex e-con e-child\" data-id=\"c596205\" data-element_type=\"container\">\n\t\t\t\t<div class=\"elementor-element elementor-element-bacbaca elementor-widget elementor-widget-image\" data-id=\"bacbaca\" data-element_type=\"widget\" data-widget_type=\"image.default\">\n\t\t\t\t<div class=\"elementor-widget-container\">\n\t\t\t\t\t\t\t\t\t\t\t\t\t\t\t<img fetchpriority=\"high\" decoding=\"async\" width=\"800\" height=\"600\" src=\"https:\/\/www.hotel-landhaus-schlachtensee.de\/wp-content\/uploads\/2025\/01\/lake-1689666_1280-1024x768.jpg\" class=\"attachment-large size-large wp-image-143\" alt=\"Schlachtensee\" srcset=\"https:\/\/www.hotel-landhaus-schlachtensee.de\/wp-content\/uploads\/2025\/01\/lake-1689666_1280-1024x768.jpg 1024w, https:\/\/www.hotel-landhaus-schlachtensee.de\/wp-content\/uploads\/2025\/01\/lake-1689666_1280-300x225.jpg 300w, https:\/\/www.hotel-landhaus-schlachtensee.de\/wp-content\/uploads\/2025\/01\/lake-1689666_1280-768x576.jpg 768w, https:\/\/www.hotel-landhaus-schlachtensee.de\/wp-content\/uploads\/2025\/01\/lake-1689666_1280.jpg 1280w\" sizes=\"(max-width: 800px) 100vw, 800px\" \/>\t\t\t\t\t\t\t\t\t\t\t\t\t\t\t<\/div>\n\t\t\t\t<\/div>\n\t\t\t\t<\/div>\n\t\t<div class=\"elementor-element elementor-element-5973ccb e-con-full e-flex e-con e-child\" data-id=\"5973ccb\" data-element_type=\"container\">\n\t\t\t\t<div class=\"elementor-element elementor-element-6f96367 elementor-widget elementor-widget-text-editor\" data-id=\"6f96367\" data-element_type=\"widget\" data-widget_type=\"text-editor.default\">\n\t\t\t\t<div class=\"elementor-widget-container\">\n\t\t\t\t\t\t\t\t\t<h2>Puur natuur - in het centrum van Berlijn<\/h2><h3>Vrije tijd\/recreatie<\/h3>\t\t\t\t\t\t\t\t<\/div>\n\t\t\t\t<\/div>\n\t\t\t\t<div class=\"elementor-element elementor-element-7aec986 elementor-widget elementor-widget-text-editor\" data-id=\"7aec986\" data-element_type=\"widget\" data-widget_type=\"text-editor.default\">\n\t\t\t\t<div class=\"elementor-widget-container\">\n\t\t\t\t\t\t\t\t\t<p>Eerst en vooral moet hier natuurlijk de Schlachtensee worden genoemd. Het is het zuidelijkste van de grote Grunewald-merenketting.<\/p><p>Er is een wandelpad aan de oevers dat 5,5 kilometer rond het meer loopt en je uitnodigt om te wandelen, hiken of joggen. In de warmere maanden is het een populaire plek voor Berlijners en Berlijnse toeristen om af te koelen bij zomerse temperaturen. Verschillende ligweiden in de buurt van de S-Bahn en op de noordoostelijke oever nodigen je uit om te luieren, te ontspannen en te picknicken.<\/p><p>Amateurkapiteins kunnen een roeiboot huren bij het bootverhuurcentrum aan de oostoever. Sportvissers komen hier aan hun trekken, net als bezoekers van de historische herberg met biertuin die het koele water liever door hun keel laten stromen.<\/p>\t\t\t\t\t\t\t\t<\/div>\n\t\t\t\t<\/div>\n\t\t\t\t<div class=\"elementor-element elementor-element-706e298 elementor-widget-divider--view-line elementor-widget elementor-widget-divider\" data-id=\"706e298\" data-element_type=\"widget\" data-widget_type=\"divider.default\">\n\t\t\t\t<div class=\"elementor-widget-container\">\n\t\t\t\t\t\t\t<div class=\"elementor-divider\">\n\t\t\t<span class=\"elementor-divider-separator\">\n\t\t\t\t\t\t<\/span>\n\t\t<\/div>\n\t\t\t\t\t\t<\/div>\n\t\t\t\t<\/div>\n\t\t\t\t<div class=\"elementor-element elementor-element-1fac3a7 elementor-widget elementor-widget-text-editor\" data-id=\"1fac3a7\" data-element_type=\"widget\" data-widget_type=\"text-editor.default\">\n\t\t\t\t<div class=\"elementor-widget-container\">\n\t\t\t\t\t\t\t\t\t<p>Vissershut aan de Schlachtensee<br \/>Fischerh\u00fcttenstra\u00dfe 136<br \/>14136 Berlijn<br \/>Telefoon: 030-80 49 83 10<br \/>Fax: 030-80 49 83 26<\/p><p>Boot huren Schlachtensee<br \/>Am Marinesteig 5<br \/>14129 Berlijn<br \/>Telefoon: 030-803 73 04<\/p>\t\t\t\t\t\t\t\t<\/div>\n\t\t\t\t<\/div>\n\t\t\t\t<\/div>\n\t\t\t\t\t<\/div>\n\t\t\t\t<\/div>\n\t\t<div class=\"elementor-element elementor-element-7c4a164 e-flex e-con-boxed e-con e-parent\" data-id=\"7c4a164\" data-element_type=\"container\" data-settings=\"{&quot;background_background&quot;:&quot;classic&quot;}\">\n\t\t\t\t\t<div class=\"e-con-inner\">\n\t\t<div class=\"elementor-element elementor-element-e79ba0e e-con-full e-flex e-con e-child\" data-id=\"e79ba0e\" data-element_type=\"container\">\n\t\t\t\t<div class=\"elementor-element elementor-element-550414b elementor-widget elementor-widget-image\" data-id=\"550414b\" data-element_type=\"widget\" data-widget_type=\"image.default\">\n\t\t\t\t<div class=\"elementor-widget-container\">\n\t\t\t\t\t\t\t\t\t\t\t\t\t\t\t<img decoding=\"async\" width=\"800\" height=\"534\" src=\"https:\/\/www.hotel-landhaus-schlachtensee.de\/wp-content\/uploads\/2025\/01\/127967692.jpg\" class=\"attachment-large size-large wp-image-97\" alt=\"Kaffee\" srcset=\"https:\/\/www.hotel-landhaus-schlachtensee.de\/wp-content\/uploads\/2025\/01\/127967692.jpg 1024w, https:\/\/www.hotel-landhaus-schlachtensee.de\/wp-content\/uploads\/2025\/01\/127967692-300x200.jpg 300w, https:\/\/www.hotel-landhaus-schlachtensee.de\/wp-content\/uploads\/2025\/01\/127967692-768x512.jpg 768w\" sizes=\"(max-width: 800px) 100vw, 800px\" \/>\t\t\t\t\t\t\t\t\t\t\t\t\t\t\t<\/div>\n\t\t\t\t<\/div>\n\t\t\t\t<div class=\"elementor-element elementor-element-3f2ab4d elementor-widget elementor-widget-image\" data-id=\"3f2ab4d\" data-element_type=\"widget\" data-widget_type=\"image.default\">\n\t\t\t\t<div class=\"elementor-widget-container\">\n\t\t\t\t\t\t\t\t\t\t\t\t\t\t\t<img decoding=\"async\" width=\"800\" height=\"600\" src=\"https:\/\/www.hotel-landhaus-schlachtensee.de\/wp-content\/uploads\/2025\/01\/12252074.jpg\" class=\"attachment-large size-large wp-image-157\" alt=\"Buffett\" srcset=\"https:\/\/www.hotel-landhaus-schlachtensee.de\/wp-content\/uploads\/2025\/01\/12252074.jpg 1024w, https:\/\/www.hotel-landhaus-schlachtensee.de\/wp-content\/uploads\/2025\/01\/12252074-300x225.jpg 300w, https:\/\/www.hotel-landhaus-schlachtensee.de\/wp-content\/uploads\/2025\/01\/12252074-768x576.jpg 768w\" sizes=\"(max-width: 800px) 100vw, 800px\" \/>\t\t\t\t\t\t\t\t\t\t\t\t\t\t\t<\/div>\n\t\t\t\t<\/div>\n\t\t\t\t<\/div>\n\t\t<div class=\"elementor-element elementor-element-d1fc954 e-con-full e-flex e-con e-child\" data-id=\"d1fc954\" data-element_type=\"container\">\n\t\t\t\t<div class=\"elementor-element elementor-element-82209b0 elementor-widget elementor-widget-text-editor\" data-id=\"82209b0\" data-element_type=\"widget\" data-widget_type=\"text-editor.default\">\n\t\t\t\t<div class=\"elementor-widget-container\">\n\t\t\t\t\t\t\t\t\t<h2>Puur genieten - Gastronomie<\/h2>\t\t\t\t\t\t\t\t<\/div>\n\t\t\t\t<\/div>\n\t\t\t\t<div class=\"elementor-element elementor-element-6326c23 elementor-widget elementor-widget-text-editor\" data-id=\"6326c23\" data-element_type=\"widget\" data-widget_type=\"text-editor.default\">\n\t\t\t\t<div class=\"elementor-widget-container\">\n\t\t\t\t\t\t\t\t\t<p>In Hotel Landhaus Schlachtensee wordt 's ochtends goed gezorgd voor je fysieke welzijn. Ons uitgebreide en gevarieerde ontbijt zorgt voor een perfecte start van de dag.<\/p><p>Er zijn ook restaurants in de directe omgeving met een grote verscheidenheid aan eten en drinken. Er zijn klassieke restaurants met Duitse en internationale gerechten, maar ook gastronomische tempels met een hoogwaardige keuken met Michelinsterren.<br \/>Hieronder hebben we een paar adressen geselecteerd die het brede gastronomische aanbod in Grunewald rond de Schlachtensee laten zien. Een kleine afspiegeling van het gevarieerde gastronomische aanbod van de hoofdstad.<\/p>\t\t\t\t\t\t\t\t<\/div>\n\t\t\t\t<\/div>\n\t\t\t\t<div class=\"elementor-element elementor-element-5b32d88 elementor-widget-divider--view-line elementor-widget elementor-widget-divider\" data-id=\"5b32d88\" data-element_type=\"widget\" data-widget_type=\"divider.default\">\n\t\t\t\t<div class=\"elementor-widget-container\">\n\t\t\t\t\t\t\t<div class=\"elementor-divider\">\n\t\t\t<span class=\"elementor-divider-separator\">\n\t\t\t\t\t\t<\/span>\n\t\t<\/div>\n\t\t\t\t\t\t<\/div>\n\t\t\t\t<\/div>\n\t\t\t\t<div class=\"elementor-element elementor-element-b571336 elementor-widget elementor-widget-text-editor\" data-id=\"b571336\" data-element_type=\"widget\" data-widget_type=\"text-editor.default\">\n\t\t\t\t<div class=\"elementor-widget-container\">\n\t\t\t\t\t\t\t\t\t<p><strong>Pizzeria La Gondola Due<\/strong><br \/>Beerenstr. 57, 14163 Berlijn<br \/>Telefoon: 030-802 43 64<br \/>www.lagondoladue.de<br \/>Keuken: Italiaans<\/p><p><strong>Pizza Piazza<\/strong><br \/>B\u00fclowstra\u00dfe 1, 14163 Berlijn<br \/>Telefoon: 030-80 58 50 88<br \/>pizza-piazza-berlijn.9gg.de<br \/>Keuken: Italiaans<\/p><p><strong>De vissershut bij Schlachtensee<\/strong><br \/>Fischerh\u00fcttenstra\u00dfe 136, 14136 Berlijn<br \/>Telefoon: 030-80 49 83 10<br \/>www.fischerhuette-berlin.de<br \/>Keuken: Internationaal<\/p>\t\t\t\t\t\t\t\t<\/div>\n\t\t\t\t<\/div>\n\t\t\t\t<\/div>\n\t\t\t\t\t<\/div>\n\t\t\t\t<\/div>\n\t\t<div class=\"elementor-element elementor-element-54f5d03 e-flex e-con-boxed e-con e-parent\" data-id=\"54f5d03\" data-element_type=\"container\">\n\t\t\t\t\t<div class=\"e-con-inner\">\n\t\t<div class=\"elementor-element elementor-element-2145c14 e-con-full e-flex e-con e-child\" data-id=\"2145c14\" data-element_type=\"container\">\n\t\t\t\t<div class=\"elementor-element elementor-element-e8f8c39 elementor-widget elementor-widget-image\" data-id=\"e8f8c39\" data-element_type=\"widget\" data-widget_type=\"image.default\">\n\t\t\t\t<div class=\"elementor-widget-container\">\n\t\t\t\t\t\t\t\t\t\t\t\t\t\t\t<img fetchpriority=\"high\" decoding=\"async\" width=\"800\" height=\"600\" src=\"https:\/\/www.hotel-landhaus-schlachtensee.de\/wp-content\/uploads\/2025\/01\/lake-1689666_1280-1024x768.jpg\" class=\"attachment-large size-large wp-image-143\" alt=\"Schlachtensee\" srcset=\"https:\/\/www.hotel-landhaus-schlachtensee.de\/wp-content\/uploads\/2025\/01\/lake-1689666_1280-1024x768.jpg 1024w, https:\/\/www.hotel-landhaus-schlachtensee.de\/wp-content\/uploads\/2025\/01\/lake-1689666_1280-300x225.jpg 300w, https:\/\/www.hotel-landhaus-schlachtensee.de\/wp-content\/uploads\/2025\/01\/lake-1689666_1280-768x576.jpg 768w, https:\/\/www.hotel-landhaus-schlachtensee.de\/wp-content\/uploads\/2025\/01\/lake-1689666_1280.jpg 1280w\" sizes=\"(max-width: 800px) 100vw, 800px\" \/>\t\t\t\t\t\t\t\t\t\t\t\t\t\t\t<\/div>\n\t\t\t\t<\/div>\n\t\t\t\t<\/div>\n\t\t<div class=\"elementor-element elementor-element-eeb4250 e-con-full e-flex e-con e-child\" data-id=\"eeb4250\" data-element_type=\"container\">\n\t\t\t\t<div class=\"elementor-element elementor-element-3d6a950 elementor-widget elementor-widget-text-editor\" data-id=\"3d6a950\" data-element_type=\"widget\" data-widget_type=\"text-editor.default\">\n\t\t\t\t<div class=\"elementor-widget-container\">\n\t\t\t\t\t\t\t\t\t<h2>Bezienswaardigheden<\/h2>\t\t\t\t\t\t\t\t<\/div>\n\t\t\t\t<\/div>\n\t\t\t\t<div class=\"elementor-element elementor-element-f54bd8b elementor-widget elementor-widget-text-editor\" data-id=\"f54bd8b\" data-element_type=\"widget\" data-widget_type=\"text-editor.default\">\n\t\t\t\t<div class=\"elementor-widget-container\">\n\t\t\t\t\t\t\t\t\t<p>Naast de fascinerende natuurlijke omgeving waarin Hotel Landhaus Schlachtensee ligt, zijn er voor ge\u00efnteresseerde hotelgasten ook culturele bezienswaardigheden te ontdekken. Hiertoe behoren bijvoorbeeld de Staatsmusea Berlijn-Dahlem, paleis Glienicke, het jachtslot Grunewald en het Pauweneiland met zijn lustpaleis.\u00a0<\/p>\n<p>Bij de receptie kun je extra informatiemateriaal krijgen over excursiebestemmingen, bezienswaardigheden, openingstijden en vervoersverbindingen.\u00a0<\/p>\n<p>\u00a0<\/p>\t\t\t\t\t\t\t\t<\/div>\n\t\t\t\t<\/div>\n\t\t\t\t<div class=\"elementor-element elementor-element-3720bff elementor-widget-divider--view-line elementor-widget elementor-widget-divider\" data-id=\"3720bff\" data-element_type=\"widget\" data-widget_type=\"divider.default\">\n\t\t\t\t<div class=\"elementor-widget-container\">\n\t\t\t\t\t\t\t<div class=\"elementor-divider\">\n\t\t\t<span class=\"elementor-divider-separator\">\n\t\t\t\t\t\t<\/span>\n\t\t<\/div>\n\t\t\t\t\t\t<\/div>\n\t\t\t\t<\/div>\n\t\t\t\t<\/div>\n\t\t\t\t\t<\/div>\n\t\t\t\t<\/div>\n\t\t\t\t<\/div>","protected":false},"excerpt":{"rendered":"<p>Umgebung des Hotels Landhaus Schlachtensee &#8222;In der Stille der Natur finden wir den wahren Reichtum des Lebens \u2013 Zeit, Frieden und das Gef\u00fchl, angekommen zu sein.&#8220; Natur pur &#8211; Mitten in Berlin Freizeit\/Erholung In erster Linie muss hier nat\u00fcrlich der Schlachtensee erw\u00e4hnt werden. Er ist der s\u00fcdlichste der gro\u00dfen Grunewald-Seenkette. An seinen Ufern befindet sich [&hellip;]<\/p>","protected":false},"author":1,"featured_media":0,"parent":0,"menu_order":0,"comment_status":"closed","ping_status":"closed","template":"","meta":{"footnotes":""},"class_list":["post-142","page","type-page","status-publish","hentry"],"_links":{"self":[{"href":"https:\/\/www.hotel-landhaus-schlachtensee.de\/nl\/wp-json\/wp\/v2\/pages\/142","targetHints":{"allow":["GET"]}}],"collection":[{"href":"https:\/\/www.hotel-landhaus-schlachtensee.de\/nl\/wp-json\/wp\/v2\/pages"}],"about":[{"href":"https:\/\/www.hotel-landhaus-schlachtensee.de\/nl\/wp-json\/wp\/v2\/types\/page"}],"author":[{"embeddable":true,"href":"https:\/\/www.hotel-landhaus-schlachtensee.de\/nl\/wp-json\/wp\/v2\/users\/1"}],"replies":[{"embeddable":true,"href":"https:\/\/www.hotel-landhaus-schlachtensee.de\/nl\/wp-json\/wp\/v2\/comments?post=142"}],"version-history":[{"count":17,"href":"https:\/\/www.hotel-landhaus-schlachtensee.de\/nl\/wp-json\/wp\/v2\/pages\/142\/revisions"}],"predecessor-version":[{"id":166,"href":"https:\/\/www.hotel-landhaus-schlachtensee.de\/nl\/wp-json\/wp\/v2\/pages\/142\/revisions\/166"}],"wp:attachment":[{"href":"https:\/\/www.hotel-landhaus-schlachtensee.de\/nl\/wp-json\/wp\/v2\/media?parent=142"}],"curies":[{"name":"wp","href":"https:\/\/api.w.org\/{rel}","templated":true}]}}