{"id":142,"date":"2025-01-22T16:24:52","date_gmt":"2025-01-22T15:24:52","guid":{"rendered":"https:\/\/www.hotel-landhaus-schlachtensee.de\/?page_id=142"},"modified":"2025-01-22T17:13:03","modified_gmt":"2025-01-22T16:13:03","slug":"umgebung","status":"publish","type":"page","link":"https:\/\/www.hotel-landhaus-schlachtensee.de\/pl\/umgebung\/","title":{"rendered":"Otoczenie"},"content":{"rendered":"<div data-elementor-type=\"wp-page\" data-elementor-id=\"142\" class=\"elementor elementor-142\" data-elementor-post-type=\"page\">\n\t\t\t\t\t\t<section class=\"elementor-section elementor-top-section elementor-element elementor-element-672278f9 elementor-section-height-min-height elementor-section-boxed elementor-section-height-default elementor-section-items-middle\" data-id=\"672278f9\" data-element_type=\"section\" data-settings=\"{&quot;background_background&quot;:&quot;classic&quot;}\">\n\t\t\t\t\t\t<div class=\"elementor-container elementor-column-gap-default\">\n\t\t\t\t\t<div class=\"elementor-column elementor-col-100 elementor-top-column elementor-element elementor-element-20f0bcbc\" data-id=\"20f0bcbc\" data-element_type=\"column\">\n\t\t\t<div class=\"elementor-widget-wrap elementor-element-populated\">\n\t\t\t\t\t\t<div class=\"elementor-element elementor-element-6779484 elementor-widget elementor-widget-text-editor\" data-id=\"6779484\" data-element_type=\"widget\" data-widget_type=\"text-editor.default\">\n\t\t\t\t<div class=\"elementor-widget-container\">\n\t\t\t\t\t\t\t\t\t<p>Otoczenie hotelu Landhaus Schlachtensee<\/p>\t\t\t\t\t\t\t\t<\/div>\n\t\t\t\t<\/div>\n\t\t\t\t<div class=\"elementor-element elementor-element-34a487e elementor-widget elementor-widget-text-editor\" data-id=\"34a487e\" data-element_type=\"widget\" data-widget_type=\"text-editor.default\">\n\t\t\t\t<div class=\"elementor-widget-container\">\n\t\t\t\t\t\t\t\t\t<p>\"W ciszy natury odnajdujemy prawdziwe bogactwo \u017cycia - czas, spok\u00f3j i poczucie, \u017ce dotarli\u015bmy do celu\".<\/p>\t\t\t\t\t\t\t\t<\/div>\n\t\t\t\t<\/div>\n\t\t\t\t\t<\/div>\n\t\t<\/div>\n\t\t\t\t\t<\/div>\n\t\t<\/section>\n\t\t<div class=\"elementor-element elementor-element-70d9858 e-flex e-con-boxed e-con e-parent\" data-id=\"70d9858\" data-element_type=\"container\">\n\t\t\t\t\t<div class=\"e-con-inner\">\n\t\t<div class=\"elementor-element elementor-element-c596205 e-con-full e-flex e-con e-child\" data-id=\"c596205\" data-element_type=\"container\">\n\t\t\t\t<div class=\"elementor-element elementor-element-bacbaca elementor-widget elementor-widget-image\" data-id=\"bacbaca\" data-element_type=\"widget\" data-widget_type=\"image.default\">\n\t\t\t\t<div class=\"elementor-widget-container\">\n\t\t\t\t\t\t\t\t\t\t\t\t\t\t\t<img fetchpriority=\"high\" decoding=\"async\" width=\"800\" height=\"600\" src=\"https:\/\/www.hotel-landhaus-schlachtensee.de\/wp-content\/uploads\/2025\/01\/lake-1689666_1280-1024x768.jpg\" class=\"attachment-large size-large wp-image-143\" alt=\"Schlachtensee\" srcset=\"https:\/\/www.hotel-landhaus-schlachtensee.de\/wp-content\/uploads\/2025\/01\/lake-1689666_1280-1024x768.jpg 1024w, https:\/\/www.hotel-landhaus-schlachtensee.de\/wp-content\/uploads\/2025\/01\/lake-1689666_1280-300x225.jpg 300w, https:\/\/www.hotel-landhaus-schlachtensee.de\/wp-content\/uploads\/2025\/01\/lake-1689666_1280-768x576.jpg 768w, https:\/\/www.hotel-landhaus-schlachtensee.de\/wp-content\/uploads\/2025\/01\/lake-1689666_1280.jpg 1280w\" sizes=\"(max-width: 800px) 100vw, 800px\" \/>\t\t\t\t\t\t\t\t\t\t\t\t\t\t\t<\/div>\n\t\t\t\t<\/div>\n\t\t\t\t<\/div>\n\t\t<div class=\"elementor-element elementor-element-5973ccb e-con-full e-flex e-con e-child\" data-id=\"5973ccb\" data-element_type=\"container\">\n\t\t\t\t<div class=\"elementor-element elementor-element-6f96367 elementor-widget elementor-widget-text-editor\" data-id=\"6f96367\" data-element_type=\"widget\" data-widget_type=\"text-editor.default\">\n\t\t\t\t<div class=\"elementor-widget-container\">\n\t\t\t\t\t\t\t\t\t<h2>Czysta natura - w centrum Berlina<\/h2><h3>Czas wolny\/rekreacja<\/h3>\t\t\t\t\t\t\t\t<\/div>\n\t\t\t\t<\/div>\n\t\t\t\t<div class=\"elementor-element elementor-element-7aec986 elementor-widget elementor-widget-text-editor\" data-id=\"7aec986\" data-element_type=\"widget\" data-widget_type=\"text-editor.default\">\n\t\t\t\t<div class=\"elementor-widget-container\">\n\t\t\t\t\t\t\t\t\t<p>Przede wszystkim nale\u017cy oczywi\u015bcie wspomnie\u0107 o Schlachtensee. Jest to najbardziej wysuni\u0119te na po\u0142udnie z du\u017cego \u0142a\u0144cucha jezior Grunewald.<\/p><p>Na jego brzegach znajduje si\u0119 szlak turystyczny, kt\u00f3ry prowadzi 5,5 km wok\u00f3\u0142 jeziora i zaprasza do w\u0119dr\u00f3wek, spacer\u00f3w lub joggingu. W cieplejszych miesi\u0105cach jest to popularne miejsce dla berli\u0144czyk\u00f3w i berli\u0144skich turyst\u00f3w, aby och\u0142odzi\u0107 si\u0119 w letnich temperaturach. Kilka trawnik\u00f3w do opalania w pobli\u017cu S-Bahn i na p\u00f3\u0142nocno-wschodnim brzegu zach\u0119ca do odpoczynku, relaksu i pikniku.<\/p><p>Kapitanowie-amatorzy mog\u0105 wynaj\u0105\u0107 \u0142\u00f3d\u017a wios\u0142ow\u0105 w wypo\u017cyczalni \u0142odzi na wschodnim brzegu. W\u0119dkarze znajd\u0105 tu co\u015b dla siebie, podobnie jak go\u015bcie historycznej gospody z ogr\u00f3dkiem piwnym, kt\u00f3rzy wol\u0105 pozwoli\u0107 ch\u0142odnej wodzie sp\u0142yn\u0105\u0107 do gard\u0142a.<\/p>\t\t\t\t\t\t\t\t<\/div>\n\t\t\t\t<\/div>\n\t\t\t\t<div class=\"elementor-element elementor-element-706e298 elementor-widget-divider--view-line elementor-widget elementor-widget-divider\" data-id=\"706e298\" data-element_type=\"widget\" data-widget_type=\"divider.default\">\n\t\t\t\t<div class=\"elementor-widget-container\">\n\t\t\t\t\t\t\t<div class=\"elementor-divider\">\n\t\t\t<span class=\"elementor-divider-separator\">\n\t\t\t\t\t\t<\/span>\n\t\t<\/div>\n\t\t\t\t\t\t<\/div>\n\t\t\t\t<\/div>\n\t\t\t\t<div class=\"elementor-element elementor-element-1fac3a7 elementor-widget elementor-widget-text-editor\" data-id=\"1fac3a7\" data-element_type=\"widget\" data-widget_type=\"text-editor.default\">\n\t\t\t\t<div class=\"elementor-widget-container\">\n\t\t\t\t\t\t\t\t\t<p>Chata w\u0119dkarska nad jeziorem Schlachtensee<br \/>Fischerh\u00fcttenstra\u00dfe 136<br \/>14136 Berlin<br \/>Telefon: 030-80 49 83 10<br \/>Faks: 030-80 49 83 26<\/p><p>Wynajem \u0142odzi Schlachtensee<br \/>Am Marinesteig 5<br \/>14129 Berlin<br \/>Telefon: 030-803 73 04<\/p>\t\t\t\t\t\t\t\t<\/div>\n\t\t\t\t<\/div>\n\t\t\t\t<\/div>\n\t\t\t\t\t<\/div>\n\t\t\t\t<\/div>\n\t\t<div class=\"elementor-element elementor-element-7c4a164 e-flex e-con-boxed e-con e-parent\" data-id=\"7c4a164\" data-element_type=\"container\" data-settings=\"{&quot;background_background&quot;:&quot;classic&quot;}\">\n\t\t\t\t\t<div class=\"e-con-inner\">\n\t\t<div class=\"elementor-element elementor-element-e79ba0e e-con-full e-flex e-con e-child\" data-id=\"e79ba0e\" data-element_type=\"container\">\n\t\t\t\t<div class=\"elementor-element elementor-element-550414b elementor-widget elementor-widget-image\" data-id=\"550414b\" data-element_type=\"widget\" data-widget_type=\"image.default\">\n\t\t\t\t<div class=\"elementor-widget-container\">\n\t\t\t\t\t\t\t\t\t\t\t\t\t\t\t<img decoding=\"async\" width=\"800\" height=\"534\" src=\"https:\/\/www.hotel-landhaus-schlachtensee.de\/wp-content\/uploads\/2025\/01\/127967692.jpg\" class=\"attachment-large size-large wp-image-97\" alt=\"Kaffee\" srcset=\"https:\/\/www.hotel-landhaus-schlachtensee.de\/wp-content\/uploads\/2025\/01\/127967692.jpg 1024w, https:\/\/www.hotel-landhaus-schlachtensee.de\/wp-content\/uploads\/2025\/01\/127967692-300x200.jpg 300w, https:\/\/www.hotel-landhaus-schlachtensee.de\/wp-content\/uploads\/2025\/01\/127967692-768x512.jpg 768w\" sizes=\"(max-width: 800px) 100vw, 800px\" \/>\t\t\t\t\t\t\t\t\t\t\t\t\t\t\t<\/div>\n\t\t\t\t<\/div>\n\t\t\t\t<div class=\"elementor-element elementor-element-3f2ab4d elementor-widget elementor-widget-image\" data-id=\"3f2ab4d\" data-element_type=\"widget\" data-widget_type=\"image.default\">\n\t\t\t\t<div class=\"elementor-widget-container\">\n\t\t\t\t\t\t\t\t\t\t\t\t\t\t\t<img decoding=\"async\" width=\"800\" height=\"600\" src=\"https:\/\/www.hotel-landhaus-schlachtensee.de\/wp-content\/uploads\/2025\/01\/12252074.jpg\" class=\"attachment-large size-large wp-image-157\" alt=\"Buffett\" srcset=\"https:\/\/www.hotel-landhaus-schlachtensee.de\/wp-content\/uploads\/2025\/01\/12252074.jpg 1024w, https:\/\/www.hotel-landhaus-schlachtensee.de\/wp-content\/uploads\/2025\/01\/12252074-300x225.jpg 300w, https:\/\/www.hotel-landhaus-schlachtensee.de\/wp-content\/uploads\/2025\/01\/12252074-768x576.jpg 768w\" sizes=\"(max-width: 800px) 100vw, 800px\" \/>\t\t\t\t\t\t\t\t\t\t\t\t\t\t\t<\/div>\n\t\t\t\t<\/div>\n\t\t\t\t<\/div>\n\t\t<div class=\"elementor-element elementor-element-d1fc954 e-con-full e-flex e-con e-child\" data-id=\"d1fc954\" data-element_type=\"container\">\n\t\t\t\t<div class=\"elementor-element elementor-element-82209b0 elementor-widget elementor-widget-text-editor\" data-id=\"82209b0\" data-element_type=\"widget\" data-widget_type=\"text-editor.default\">\n\t\t\t\t<div class=\"elementor-widget-container\">\n\t\t\t\t\t\t\t\t\t<h2>Czysta przyjemno\u015b\u0107 - Gastronomia<\/h2>\t\t\t\t\t\t\t\t<\/div>\n\t\t\t\t<\/div>\n\t\t\t\t<div class=\"elementor-element elementor-element-6326c23 elementor-widget elementor-widget-text-editor\" data-id=\"6326c23\" data-element_type=\"widget\" data-widget_type=\"text-editor.default\">\n\t\t\t\t<div class=\"elementor-widget-container\">\n\t\t\t\t\t\t\t\t\t<p>Hotel Landhaus Schlachtensee dba o dobre samopoczucie o poranku. Nasze obfite i urozmaicone \u015bniadanie zapewnia doskona\u0142y pocz\u0105tek dnia.<\/p><p>W bezpo\u015brednim s\u0105siedztwie znajduj\u0105 si\u0119 r\u00f3wnie\u017c restauracje oferuj\u0105ce szeroki wyb\u00f3r potraw i napoj\u00f3w. S\u0105 tu zar\u00f3wno klasyczne restauracje z kuchni\u0105 niemieck\u0105 i mi\u0119dzynarodow\u0105, jak i lokale dla smakoszy z wysokiej jako\u015bci kuchni\u0105 wyr\u00f3\u017cnion\u0105 gwiazdk\u0105 Michelin.<br \/>Poni\u017cej wybrali\u015bmy kilka adres\u00f3w, kt\u00f3re pokazuj\u0105 szeroki zakres oferty gastronomicznej w Grunewald wok\u00f3\u0142 Schlachtensee. Ma\u0142e odzwierciedlenie zr\u00f3\u017cnicowanej sceny gastronomicznej stolicy.<\/p>\t\t\t\t\t\t\t\t<\/div>\n\t\t\t\t<\/div>\n\t\t\t\t<div class=\"elementor-element elementor-element-5b32d88 elementor-widget-divider--view-line elementor-widget elementor-widget-divider\" data-id=\"5b32d88\" data-element_type=\"widget\" data-widget_type=\"divider.default\">\n\t\t\t\t<div class=\"elementor-widget-container\">\n\t\t\t\t\t\t\t<div class=\"elementor-divider\">\n\t\t\t<span class=\"elementor-divider-separator\">\n\t\t\t\t\t\t<\/span>\n\t\t<\/div>\n\t\t\t\t\t\t<\/div>\n\t\t\t\t<\/div>\n\t\t\t\t<div class=\"elementor-element elementor-element-b571336 elementor-widget elementor-widget-text-editor\" data-id=\"b571336\" data-element_type=\"widget\" data-widget_type=\"text-editor.default\">\n\t\t\t\t<div class=\"elementor-widget-container\">\n\t\t\t\t\t\t\t\t\t<p><strong>Pizzeria La Gondola Due<\/strong><br \/>Beerenstr. 57, 14163 Berlin<br \/>Telefon: 030-802 43 64<br \/>www.lagondoladue.de<br \/>Kuchnia: w\u0142oska<\/p><p><strong>Pizza Piazza<\/strong><br \/>B\u00fclowstra\u00dfe 1, 14163 Berlin<br \/>Telefon: 030-80 58 50 88<br \/>pizza-piazza-berlin.9gg.de<br \/>Kuchnia: w\u0142oska<\/p><p><strong>Chata rybacka w Schlachtensee<\/strong><br \/>Fischerh\u00fcttenstra\u00dfe 136, 14136 Berlin<br \/>Telefon: 030-80 49 83 10<br \/>www.fischerhuette-berlin.de<br \/>Kuchnia: mi\u0119dzynarodowa<\/p>\t\t\t\t\t\t\t\t<\/div>\n\t\t\t\t<\/div>\n\t\t\t\t<\/div>\n\t\t\t\t\t<\/div>\n\t\t\t\t<\/div>\n\t\t<div class=\"elementor-element elementor-element-54f5d03 e-flex e-con-boxed e-con e-parent\" data-id=\"54f5d03\" data-element_type=\"container\">\n\t\t\t\t\t<div class=\"e-con-inner\">\n\t\t<div class=\"elementor-element elementor-element-2145c14 e-con-full e-flex e-con e-child\" data-id=\"2145c14\" data-element_type=\"container\">\n\t\t\t\t<div class=\"elementor-element elementor-element-e8f8c39 elementor-widget elementor-widget-image\" data-id=\"e8f8c39\" data-element_type=\"widget\" data-widget_type=\"image.default\">\n\t\t\t\t<div class=\"elementor-widget-container\">\n\t\t\t\t\t\t\t\t\t\t\t\t\t\t\t<img fetchpriority=\"high\" decoding=\"async\" width=\"800\" height=\"600\" src=\"https:\/\/www.hotel-landhaus-schlachtensee.de\/wp-content\/uploads\/2025\/01\/lake-1689666_1280-1024x768.jpg\" class=\"attachment-large size-large wp-image-143\" alt=\"Schlachtensee\" srcset=\"https:\/\/www.hotel-landhaus-schlachtensee.de\/wp-content\/uploads\/2025\/01\/lake-1689666_1280-1024x768.jpg 1024w, https:\/\/www.hotel-landhaus-schlachtensee.de\/wp-content\/uploads\/2025\/01\/lake-1689666_1280-300x225.jpg 300w, https:\/\/www.hotel-landhaus-schlachtensee.de\/wp-content\/uploads\/2025\/01\/lake-1689666_1280-768x576.jpg 768w, https:\/\/www.hotel-landhaus-schlachtensee.de\/wp-content\/uploads\/2025\/01\/lake-1689666_1280.jpg 1280w\" sizes=\"(max-width: 800px) 100vw, 800px\" \/>\t\t\t\t\t\t\t\t\t\t\t\t\t\t\t<\/div>\n\t\t\t\t<\/div>\n\t\t\t\t<\/div>\n\t\t<div class=\"elementor-element elementor-element-eeb4250 e-con-full e-flex e-con e-child\" data-id=\"eeb4250\" data-element_type=\"container\">\n\t\t\t\t<div class=\"elementor-element elementor-element-3d6a950 elementor-widget elementor-widget-text-editor\" data-id=\"3d6a950\" data-element_type=\"widget\" data-widget_type=\"text-editor.default\">\n\t\t\t\t<div class=\"elementor-widget-container\">\n\t\t\t\t\t\t\t\t\t<h2>Interesuj\u0105ce miejsca<\/h2>\t\t\t\t\t\t\t\t<\/div>\n\t\t\t\t<\/div>\n\t\t\t\t<div class=\"elementor-element elementor-element-f54bd8b elementor-widget elementor-widget-text-editor\" data-id=\"f54bd8b\" data-element_type=\"widget\" data-widget_type=\"text-editor.default\">\n\t\t\t\t<div class=\"elementor-widget-container\">\n\t\t\t\t\t\t\t\t\t<p>Opr\u00f3cz fascynuj\u0105cego otoczenia naturalnego, w kt\u00f3rym po\u0142o\u017cony jest hotel Landhaus Schlachtensee, zainteresowani go\u015bcie hotelowi mog\u0105 r\u00f3wnie\u017c odkrywa\u0107 zabytki kultury. Nale\u017c\u0105 do nich na przyk\u0142ad Pa\u0144stwowe Muzea Berlin-Dahlem, Pa\u0142ac Glienicke, Pa\u0142ac My\u015bliwski Grunewald i Wyspa Pawia z pa\u0142acem uciech.\u00a0<\/p>\n<p>W recepcji mo\u017cna uzyska\u0107 dodatkowe materia\u0142y informacyjne na temat miejsc wycieczek, zabytk\u00f3w, godzin otwarcia i po\u0142\u0105cze\u0144 transportowych.\u00a0<\/p>\n<p>\u00a0<\/p>\t\t\t\t\t\t\t\t<\/div>\n\t\t\t\t<\/div>\n\t\t\t\t<div class=\"elementor-element elementor-element-3720bff elementor-widget-divider--view-line elementor-widget elementor-widget-divider\" data-id=\"3720bff\" data-element_type=\"widget\" data-widget_type=\"divider.default\">\n\t\t\t\t<div class=\"elementor-widget-container\">\n\t\t\t\t\t\t\t<div class=\"elementor-divider\">\n\t\t\t<span class=\"elementor-divider-separator\">\n\t\t\t\t\t\t<\/span>\n\t\t<\/div>\n\t\t\t\t\t\t<\/div>\n\t\t\t\t<\/div>\n\t\t\t\t<\/div>\n\t\t\t\t\t<\/div>\n\t\t\t\t<\/div>\n\t\t\t\t<\/div>","protected":false},"excerpt":{"rendered":"<p>Umgebung des Hotels Landhaus Schlachtensee &#8222;In der Stille der Natur finden wir den wahren Reichtum des Lebens \u2013 Zeit, Frieden und das Gef\u00fchl, angekommen zu sein.&#8220; Natur pur &#8211; Mitten in Berlin Freizeit\/Erholung In erster Linie muss hier nat\u00fcrlich der Schlachtensee erw\u00e4hnt werden. Er ist der s\u00fcdlichste der gro\u00dfen Grunewald-Seenkette. An seinen Ufern befindet sich [&hellip;]<\/p>","protected":false},"author":1,"featured_media":0,"parent":0,"menu_order":0,"comment_status":"closed","ping_status":"closed","template":"","meta":{"footnotes":""},"class_list":["post-142","page","type-page","status-publish","hentry"],"_links":{"self":[{"href":"https:\/\/www.hotel-landhaus-schlachtensee.de\/pl\/wp-json\/wp\/v2\/pages\/142","targetHints":{"allow":["GET"]}}],"collection":[{"href":"https:\/\/www.hotel-landhaus-schlachtensee.de\/pl\/wp-json\/wp\/v2\/pages"}],"about":[{"href":"https:\/\/www.hotel-landhaus-schlachtensee.de\/pl\/wp-json\/wp\/v2\/types\/page"}],"author":[{"embeddable":true,"href":"https:\/\/www.hotel-landhaus-schlachtensee.de\/pl\/wp-json\/wp\/v2\/users\/1"}],"replies":[{"embeddable":true,"href":"https:\/\/www.hotel-landhaus-schlachtensee.de\/pl\/wp-json\/wp\/v2\/comments?post=142"}],"version-history":[{"count":17,"href":"https:\/\/www.hotel-landhaus-schlachtensee.de\/pl\/wp-json\/wp\/v2\/pages\/142\/revisions"}],"predecessor-version":[{"id":166,"href":"https:\/\/www.hotel-landhaus-schlachtensee.de\/pl\/wp-json\/wp\/v2\/pages\/142\/revisions\/166"}],"wp:attachment":[{"href":"https:\/\/www.hotel-landhaus-schlachtensee.de\/pl\/wp-json\/wp\/v2\/media?parent=142"}],"curies":[{"name":"wp","href":"https:\/\/api.w.org\/{rel}","templated":true}]}}