{"id":142,"date":"2025-01-22T16:24:52","date_gmt":"2025-01-22T15:24:52","guid":{"rendered":"https:\/\/www.hotel-landhaus-schlachtensee.de\/?page_id=142"},"modified":"2025-01-22T17:13:03","modified_gmt":"2025-01-22T16:13:03","slug":"umgebung","status":"publish","type":"page","link":"https:\/\/www.hotel-landhaus-schlachtensee.de\/ru\/umgebung\/","title":{"rendered":"\u041e\u043a\u0440\u0435\u0441\u0442\u043d\u043e\u0441\u0442\u0438"},"content":{"rendered":"<div data-elementor-type=\"wp-page\" data-elementor-id=\"142\" class=\"elementor elementor-142\" data-elementor-post-type=\"page\">\n\t\t\t\t\t\t<section class=\"elementor-section elementor-top-section elementor-element elementor-element-672278f9 elementor-section-height-min-height elementor-section-boxed elementor-section-height-default elementor-section-items-middle\" data-id=\"672278f9\" data-element_type=\"section\" data-settings=\"{&quot;background_background&quot;:&quot;classic&quot;}\">\n\t\t\t\t\t\t<div class=\"elementor-container elementor-column-gap-default\">\n\t\t\t\t\t<div class=\"elementor-column elementor-col-100 elementor-top-column elementor-element elementor-element-20f0bcbc\" data-id=\"20f0bcbc\" data-element_type=\"column\">\n\t\t\t<div class=\"elementor-widget-wrap elementor-element-populated\">\n\t\t\t\t\t\t<div class=\"elementor-element elementor-element-6779484 elementor-widget elementor-widget-text-editor\" data-id=\"6779484\" data-element_type=\"widget\" data-widget_type=\"text-editor.default\">\n\t\t\t\t<div class=\"elementor-widget-container\">\n\t\t\t\t\t\t\t\t\t<p>\u041e\u043a\u0440\u0435\u0441\u0442\u043d\u043e\u0441\u0442\u0438 \u043e\u0442\u0435\u043b\u044f Landhaus Schlachtensee<\/p>\t\t\t\t\t\t\t\t<\/div>\n\t\t\t\t<\/div>\n\t\t\t\t<div class=\"elementor-element elementor-element-34a487e elementor-widget elementor-widget-text-editor\" data-id=\"34a487e\" data-element_type=\"widget\" data-widget_type=\"text-editor.default\">\n\t\t\t\t<div class=\"elementor-widget-container\">\n\t\t\t\t\t\t\t\t\t<p>\"\u0412 \u0442\u0438\u0448\u0438\u043d\u0435 \u043f\u0440\u0438\u0440\u043e\u0434\u044b \u043c\u044b \u043d\u0430\u0445\u043e\u0434\u0438\u043c \u0438\u0441\u0442\u0438\u043d\u043d\u043e\u0435 \u0431\u043e\u0433\u0430\u0442\u0441\u0442\u0432\u043e \u0436\u0438\u0437\u043d\u0438 - \u0432\u0440\u0435\u043c\u044f, \u043f\u043e\u043a\u043e\u0439 \u0438 \u043e\u0449\u0443\u0449\u0435\u043d\u0438\u0435 \u043f\u0440\u0438\u0431\u044b\u0442\u0438\u044f\".<\/p>\t\t\t\t\t\t\t\t<\/div>\n\t\t\t\t<\/div>\n\t\t\t\t\t<\/div>\n\t\t<\/div>\n\t\t\t\t\t<\/div>\n\t\t<\/section>\n\t\t<div class=\"elementor-element elementor-element-70d9858 e-flex e-con-boxed e-con e-parent\" data-id=\"70d9858\" data-element_type=\"container\">\n\t\t\t\t\t<div class=\"e-con-inner\">\n\t\t<div class=\"elementor-element elementor-element-c596205 e-con-full e-flex e-con e-child\" data-id=\"c596205\" data-element_type=\"container\">\n\t\t\t\t<div class=\"elementor-element elementor-element-bacbaca elementor-widget elementor-widget-image\" data-id=\"bacbaca\" data-element_type=\"widget\" data-widget_type=\"image.default\">\n\t\t\t\t<div class=\"elementor-widget-container\">\n\t\t\t\t\t\t\t\t\t\t\t\t\t\t\t<img fetchpriority=\"high\" decoding=\"async\" width=\"800\" height=\"600\" src=\"https:\/\/www.hotel-landhaus-schlachtensee.de\/wp-content\/uploads\/2025\/01\/lake-1689666_1280-1024x768.jpg\" class=\"attachment-large size-large wp-image-143\" alt=\"Schlachtensee\" srcset=\"https:\/\/www.hotel-landhaus-schlachtensee.de\/wp-content\/uploads\/2025\/01\/lake-1689666_1280-1024x768.jpg 1024w, https:\/\/www.hotel-landhaus-schlachtensee.de\/wp-content\/uploads\/2025\/01\/lake-1689666_1280-300x225.jpg 300w, https:\/\/www.hotel-landhaus-schlachtensee.de\/wp-content\/uploads\/2025\/01\/lake-1689666_1280-768x576.jpg 768w, https:\/\/www.hotel-landhaus-schlachtensee.de\/wp-content\/uploads\/2025\/01\/lake-1689666_1280.jpg 1280w\" sizes=\"(max-width: 800px) 100vw, 800px\" \/>\t\t\t\t\t\t\t\t\t\t\t\t\t\t\t<\/div>\n\t\t\t\t<\/div>\n\t\t\t\t<\/div>\n\t\t<div class=\"elementor-element elementor-element-5973ccb e-con-full e-flex e-con e-child\" data-id=\"5973ccb\" data-element_type=\"container\">\n\t\t\t\t<div class=\"elementor-element elementor-element-6f96367 elementor-widget elementor-widget-text-editor\" data-id=\"6f96367\" data-element_type=\"widget\" data-widget_type=\"text-editor.default\">\n\t\t\t\t<div class=\"elementor-widget-container\">\n\t\t\t\t\t\t\t\t\t<h2>\u0427\u0438\u0441\u0442\u0430\u044f \u043f\u0440\u0438\u0440\u043e\u0434\u0430 - \u0432 \u0446\u0435\u043d\u0442\u0440\u0435 \u0411\u0435\u0440\u043b\u0438\u043d\u0430<\/h2><h3>\u0414\u043e\u0441\u0443\u0433\/\u0440\u0435\u043a\u0440\u0435\u0430\u0446\u0438\u044f<\/h3>\t\t\t\t\t\t\t\t<\/div>\n\t\t\t\t<\/div>\n\t\t\t\t<div class=\"elementor-element elementor-element-7aec986 elementor-widget elementor-widget-text-editor\" data-id=\"7aec986\" data-element_type=\"widget\" data-widget_type=\"text-editor.default\">\n\t\t\t\t<div class=\"elementor-widget-container\">\n\t\t\t\t\t\t\t\t\t<p>\u0412 \u043f\u0435\u0440\u0432\u0443\u044e \u043e\u0447\u0435\u0440\u0435\u0434\u044c, \u043a\u043e\u043d\u0435\u0447\u043d\u043e, \u0441\u043b\u0435\u0434\u0443\u0435\u0442 \u0443\u043f\u043e\u043c\u044f\u043d\u0443\u0442\u044c \u0428\u043b\u0430\u0445\u0442\u0435\u043d\u0437\u0435\u0435. \u042d\u0442\u043e \u0441\u0430\u043c\u043e\u0435 \u044e\u0436\u043d\u043e\u0435 \u0438\u0437 \u0431\u043e\u043b\u044c\u0448\u043e\u0439 \u0446\u0435\u043f\u0438 \u0413\u0440\u044e\u043d\u0435\u0432\u0430\u043b\u044c\u0434\u0441\u043a\u0438\u0445 \u043e\u0437\u0435\u0440.<\/p><p>\u041d\u0430 \u0435\u0433\u043e \u0431\u0435\u0440\u0435\u0433\u0443 \u043f\u0440\u043e\u043b\u043e\u0436\u0435\u043d\u0430 \u043f\u0435\u0448\u0435\u0445\u043e\u0434\u043d\u0430\u044f \u0442\u0440\u043e\u043f\u0430, \u043a\u043e\u0442\u043e\u0440\u0430\u044f \u0432\u0435\u0434\u0435\u0442 \u043d\u0430 5,5 \u043a\u043c \u0432\u043e\u043a\u0440\u0443\u0433 \u043e\u0437\u0435\u0440\u0430 \u0438 \u043f\u0440\u0438\u0433\u043b\u0430\u0448\u0430\u0435\u0442 \u0432\u0430\u0441 \u043d\u0430 \u043f\u0435\u0448\u0438\u0435 \u043f\u0440\u043e\u0433\u0443\u043b\u043a\u0438, \u043f\u0440\u043e\u0433\u0443\u043b\u043a\u0438 \u0438\u043b\u0438 \u043f\u0440\u043e\u0431\u0435\u0436\u043a\u0438. \u0412 \u0442\u0435\u043f\u043b\u044b\u0435 \u043c\u0435\u0441\u044f\u0446\u044b \u044d\u0442\u043e \u043f\u043e\u043f\u0443\u043b\u044f\u0440\u043d\u043e\u0435 \u043c\u0435\u0441\u0442\u043e \u0441\u0440\u0435\u0434\u0438 \u0431\u0435\u0440\u043b\u0438\u043d\u0446\u0435\u0432 \u0438 \u0431\u0435\u0440\u043b\u0438\u043d\u0441\u043a\u0438\u0445 \u0442\u0443\u0440\u0438\u0441\u0442\u043e\u0432, \u0447\u0442\u043e\u0431\u044b \u043e\u0445\u043b\u0430\u0434\u0438\u0442\u044c\u0441\u044f \u0432 \u043b\u0435\u0442\u043d\u044e\u044e \u0436\u0430\u0440\u0443. \u041d\u0435\u0441\u043a\u043e\u043b\u044c\u043a\u043e \u043b\u0443\u0436\u0430\u0435\u043a \u0434\u043b\u044f \u043f\u0440\u0438\u043d\u044f\u0442\u0438\u044f \u0441\u043e\u043b\u043d\u0435\u0447\u043d\u044b\u0445 \u0432\u0430\u043d\u043d \u0432\u043e\u0437\u043b\u0435 \u0433\u043e\u0440\u043e\u0434\u0441\u043a\u043e\u0439 \u0436\u0435\u043b\u0435\u0437\u043d\u043e\u0439 \u0434\u043e\u0440\u043e\u0433\u0438 \u0438 \u043d\u0430 \u0441\u0435\u0432\u0435\u0440\u043e-\u0432\u043e\u0441\u0442\u043e\u0447\u043d\u043e\u043c \u0431\u0435\u0440\u0435\u0433\u0443 \u043f\u0440\u0438\u0433\u043b\u0430\u0448\u0430\u044e\u0442 \u0432\u0430\u0441 \u043f\u043e\u043d\u0435\u0436\u0438\u0442\u044c\u0441\u044f, \u043e\u0442\u0434\u043e\u0445\u043d\u0443\u0442\u044c \u0438 \u0443\u0441\u0442\u0440\u043e\u0438\u0442\u044c \u043f\u0438\u043a\u043d\u0438\u043a.<\/p><p>\u041a\u0430\u043f\u0438\u0442\u0430\u043d\u044b-\u043b\u044e\u0431\u0438\u0442\u0435\u043b\u0438 \u043c\u043e\u0433\u0443\u0442 \u0432\u0437\u044f\u0442\u044c \u043d\u0430\u043f\u0440\u043e\u043a\u0430\u0442 \u0433\u0440\u0435\u0431\u043d\u0443\u044e \u043b\u043e\u0434\u043a\u0443 \u0432 \u0446\u0435\u043d\u0442\u0440\u0435 \u043f\u0440\u043e\u043a\u0430\u0442\u0430 \u043b\u043e\u0434\u043e\u043a \u043d\u0430 \u0432\u043e\u0441\u0442\u043e\u0447\u043d\u043e\u043c \u0431\u0435\u0440\u0435\u0433\u0443. \u041b\u044e\u0431\u0438\u0442\u0435\u043b\u0438 \u0440\u044b\u0431\u043d\u043e\u0439 \u043b\u043e\u0432\u043b\u0438 \u043f\u043e\u043b\u0443\u0447\u0430\u0442 \u0437\u0434\u0435\u0441\u044c \u0432\u0441\u0435, \u0447\u0442\u043e \u0438\u043c \u043d\u0443\u0436\u043d\u043e, \u043a\u0430\u043a \u0438 \u043f\u043e\u0441\u0435\u0442\u0438\u0442\u0435\u043b\u0438 \u0438\u0441\u0442\u043e\u0440\u0438\u0447\u0435\u0441\u043a\u043e\u0433\u043e \u0442\u0440\u0430\u043a\u0442\u0438\u0440\u0430 \u0441 \u043f\u0438\u0432\u043d\u044b\u043c \u0441\u0430\u0434\u043e\u043c, \u043a\u043e\u0442\u043e\u0440\u044b\u0435 \u043f\u0440\u0435\u0434\u043f\u043e\u0447\u0438\u0442\u0430\u044e\u0442 \u043f\u0443\u0441\u0442\u0438\u0442\u044c \u043f\u0440\u043e\u0445\u043b\u0430\u0434\u043d\u0443\u044e \u0432\u043e\u0434\u0443 \u043f\u043e \u0433\u043b\u043e\u0442\u043a\u0443.<\/p>\t\t\t\t\t\t\t\t<\/div>\n\t\t\t\t<\/div>\n\t\t\t\t<div class=\"elementor-element elementor-element-706e298 elementor-widget-divider--view-line elementor-widget elementor-widget-divider\" data-id=\"706e298\" data-element_type=\"widget\" data-widget_type=\"divider.default\">\n\t\t\t\t<div class=\"elementor-widget-container\">\n\t\t\t\t\t\t\t<div class=\"elementor-divider\">\n\t\t\t<span class=\"elementor-divider-separator\">\n\t\t\t\t\t\t<\/span>\n\t\t<\/div>\n\t\t\t\t\t\t<\/div>\n\t\t\t\t<\/div>\n\t\t\t\t<div class=\"elementor-element elementor-element-1fac3a7 elementor-widget elementor-widget-text-editor\" data-id=\"1fac3a7\" data-element_type=\"widget\" data-widget_type=\"text-editor.default\">\n\t\t\t\t<div class=\"elementor-widget-container\">\n\t\t\t\t\t\t\t\t\t<p>\u0420\u044b\u0431\u0430\u0446\u043a\u0430\u044f \u0445\u0438\u0436\u0438\u043d\u0430 \u043d\u0430 \u0428\u043b\u0430\u0445\u0442\u0435\u043d\u0437\u0435\u0435<br \/>\u0424\u0438\u0448\u0435\u0440\u0445\u044e\u0442\u0442\u0435\u043d\u0448\u0442\u0440\u0430\u0441\u0441\u0435 136<br \/>14136 \u0411\u0435\u0440\u043b\u0438\u043d<br \/>\u0422\u0435\u043b\u0435\u0444\u043e\u043d: 030-80 49 83 10<br \/>\u0424\u0430\u043a\u0441: 030-80 49 83 26<\/p><p>\u041f\u0440\u043e\u043a\u0430\u0442 \u043b\u043e\u0434\u043e\u043a \u0428\u043b\u0430\u0445\u0442\u0435\u043d\u0437\u0435\u0435<br \/>\u0410\u043c \u041c\u0430\u0440\u0438\u043d\u0435\u0441\u0442\u0430\u0439\u0433 5<br \/>14129 \u0411\u0435\u0440\u043b\u0438\u043d<br \/>\u0422\u0435\u043b\u0435\u0444\u043e\u043d: 030-803 73 04<\/p>\t\t\t\t\t\t\t\t<\/div>\n\t\t\t\t<\/div>\n\t\t\t\t<\/div>\n\t\t\t\t\t<\/div>\n\t\t\t\t<\/div>\n\t\t<div class=\"elementor-element elementor-element-7c4a164 e-flex e-con-boxed e-con e-parent\" data-id=\"7c4a164\" data-element_type=\"container\" data-settings=\"{&quot;background_background&quot;:&quot;classic&quot;}\">\n\t\t\t\t\t<div class=\"e-con-inner\">\n\t\t<div class=\"elementor-element elementor-element-e79ba0e e-con-full e-flex e-con e-child\" data-id=\"e79ba0e\" data-element_type=\"container\">\n\t\t\t\t<div class=\"elementor-element elementor-element-550414b elementor-widget elementor-widget-image\" data-id=\"550414b\" data-element_type=\"widget\" data-widget_type=\"image.default\">\n\t\t\t\t<div class=\"elementor-widget-container\">\n\t\t\t\t\t\t\t\t\t\t\t\t\t\t\t<img decoding=\"async\" width=\"800\" height=\"534\" src=\"https:\/\/www.hotel-landhaus-schlachtensee.de\/wp-content\/uploads\/2025\/01\/127967692.jpg\" class=\"attachment-large size-large wp-image-97\" alt=\"Kaffee\" srcset=\"https:\/\/www.hotel-landhaus-schlachtensee.de\/wp-content\/uploads\/2025\/01\/127967692.jpg 1024w, https:\/\/www.hotel-landhaus-schlachtensee.de\/wp-content\/uploads\/2025\/01\/127967692-300x200.jpg 300w, https:\/\/www.hotel-landhaus-schlachtensee.de\/wp-content\/uploads\/2025\/01\/127967692-768x512.jpg 768w\" sizes=\"(max-width: 800px) 100vw, 800px\" \/>\t\t\t\t\t\t\t\t\t\t\t\t\t\t\t<\/div>\n\t\t\t\t<\/div>\n\t\t\t\t<div class=\"elementor-element elementor-element-3f2ab4d elementor-widget elementor-widget-image\" data-id=\"3f2ab4d\" data-element_type=\"widget\" data-widget_type=\"image.default\">\n\t\t\t\t<div class=\"elementor-widget-container\">\n\t\t\t\t\t\t\t\t\t\t\t\t\t\t\t<img decoding=\"async\" width=\"800\" height=\"600\" src=\"https:\/\/www.hotel-landhaus-schlachtensee.de\/wp-content\/uploads\/2025\/01\/12252074.jpg\" class=\"attachment-large size-large wp-image-157\" alt=\"Buffett\" srcset=\"https:\/\/www.hotel-landhaus-schlachtensee.de\/wp-content\/uploads\/2025\/01\/12252074.jpg 1024w, https:\/\/www.hotel-landhaus-schlachtensee.de\/wp-content\/uploads\/2025\/01\/12252074-300x225.jpg 300w, https:\/\/www.hotel-landhaus-schlachtensee.de\/wp-content\/uploads\/2025\/01\/12252074-768x576.jpg 768w\" sizes=\"(max-width: 800px) 100vw, 800px\" \/>\t\t\t\t\t\t\t\t\t\t\t\t\t\t\t<\/div>\n\t\t\t\t<\/div>\n\t\t\t\t<\/div>\n\t\t<div class=\"elementor-element elementor-element-d1fc954 e-con-full e-flex e-con e-child\" data-id=\"d1fc954\" data-element_type=\"container\">\n\t\t\t\t<div class=\"elementor-element elementor-element-82209b0 elementor-widget elementor-widget-text-editor\" data-id=\"82209b0\" data-element_type=\"widget\" data-widget_type=\"text-editor.default\">\n\t\t\t\t<div class=\"elementor-widget-container\">\n\t\t\t\t\t\t\t\t\t<h2>\u0427\u0438\u0441\u0442\u043e\u0435 \u0443\u0434\u043e\u0432\u043e\u043b\u044c\u0441\u0442\u0432\u0438\u0435 - \u0413\u0430\u0441\u0442\u0440\u043e\u043d\u043e\u043c\u0438\u044f<\/h2>\t\t\t\t\t\t\t\t<\/div>\n\t\t\t\t<\/div>\n\t\t\t\t<div class=\"elementor-element elementor-element-6326c23 elementor-widget elementor-widget-text-editor\" data-id=\"6326c23\" data-element_type=\"widget\" data-widget_type=\"text-editor.default\">\n\t\t\t\t<div class=\"elementor-widget-container\">\n\t\t\t\t\t\t\t\t\t<p>\u0412 \u043e\u0442\u0435\u043b\u0435 Landhaus Schlachtensee \u043f\u043e\u0437\u0430\u0431\u043e\u0442\u044f\u0442\u0441\u044f \u043e \u0432\u0430\u0448\u0435\u043c \u0445\u043e\u0440\u043e\u0448\u0435\u043c \u0444\u0438\u0437\u0438\u0447\u0435\u0441\u043a\u043e\u043c \u0441\u0430\u043c\u043e\u0447\u0443\u0432\u0441\u0442\u0432\u0438\u0438 \u0441 \u0443\u0442\u0440\u0430. \u041d\u0430\u0448 \u0431\u043e\u0433\u0430\u0442\u044b\u0439 \u0438 \u0440\u0430\u0437\u043d\u043e\u043e\u0431\u0440\u0430\u0437\u043d\u044b\u0439 \u0437\u0430\u0432\u0442\u0440\u0430\u043a \u0433\u0430\u0440\u0430\u043d\u0442\u0438\u0440\u0443\u0435\u0442 \u043e\u0442\u043b\u0438\u0447\u043d\u043e\u0435 \u043d\u0430\u0447\u0430\u043b\u043e \u0434\u043d\u044f.<\/p><p>\u0412 \u043d\u0435\u043f\u043e\u0441\u0440\u0435\u0434\u0441\u0442\u0432\u0435\u043d\u043d\u043e\u0439 \u0431\u043b\u0438\u0437\u043e\u0441\u0442\u0438 \u043e\u0442 \u043e\u0442\u0435\u043b\u044f \u043d\u0430\u0445\u043e\u0434\u044f\u0442\u0441\u044f \u0440\u0435\u0441\u0442\u043e\u0440\u0430\u043d\u044b, \u043f\u0440\u0435\u0434\u043b\u0430\u0433\u0430\u044e\u0449\u0438\u0435 \u0448\u0438\u0440\u043e\u043a\u0438\u0439 \u0432\u044b\u0431\u043e\u0440 \u0431\u043b\u044e\u0434 \u0438 \u043d\u0430\u043f\u0438\u0442\u043a\u043e\u0432. \u0417\u0434\u0435\u0441\u044c \u0435\u0441\u0442\u044c \u043a\u0430\u043a \u043a\u043b\u0430\u0441\u0441\u0438\u0447\u0435\u0441\u043a\u0438\u0435 \u0440\u0435\u0441\u0442\u043e\u0440\u0430\u043d\u044b \u0441 \u043d\u0435\u043c\u0435\u0446\u043a\u043e\u0439 \u0438 \u043c\u0435\u0436\u0434\u0443\u043d\u0430\u0440\u043e\u0434\u043d\u043e\u0439 \u043a\u0443\u0445\u043d\u0435\u0439, \u0442\u0430\u043a \u0438 \u0438\u0437\u044b\u0441\u043a\u0430\u043d\u043d\u044b\u0435 \u0445\u0440\u0430\u043c\u044b \u0441 \u0432\u044b\u0441\u043e\u043a\u043e\u043a\u0430\u0447\u0435\u0441\u0442\u0432\u0435\u043d\u043d\u043e\u0439 \u043a\u0443\u0445\u043d\u0435\u0439, \u043e\u0442\u043c\u0435\u0447\u0435\u043d\u043d\u043e\u0439 \u0437\u0432\u0435\u0437\u0434\u0430\u043c\u0438 \u041c\u0438\u0448\u043b\u0435\u043d.<br \/>\u041d\u0438\u0436\u0435 \u043c\u044b \u0432\u044b\u0431\u0440\u0430\u043b\u0438 \u043d\u0435\u0441\u043a\u043e\u043b\u044c\u043a\u043e \u0430\u0434\u0440\u0435\u0441\u043e\u0432, \u043a\u043e\u0442\u043e\u0440\u044b\u0435 \u0434\u0435\u043c\u043e\u043d\u0441\u0442\u0440\u0438\u0440\u0443\u044e\u0442 \u0448\u0438\u0440\u043e\u043a\u0438\u0439 \u0441\u043f\u0435\u043a\u0442\u0440 \u0433\u0430\u0441\u0442\u0440\u043e\u043d\u043e\u043c\u0438\u0447\u0435\u0441\u043a\u0438\u0445 \u043f\u0440\u0435\u0434\u043b\u043e\u0436\u0435\u043d\u0438\u0439 \u0432 \u0413\u0440\u044e\u043d\u0435\u0432\u0430\u043b\u044c\u0434\u0435 \u0432\u043e\u043a\u0440\u0443\u0433 \u0428\u043b\u0430\u0445\u0442\u0435\u043d\u0437\u0435\u0435. \u041d\u0435\u0431\u043e\u043b\u044c\u0448\u043e\u0435 \u043e\u0442\u0440\u0430\u0436\u0435\u043d\u0438\u0435 \u0440\u0430\u0437\u043d\u043e\u043e\u0431\u0440\u0430\u0437\u043d\u043e\u0439 \u0441\u0442\u043e\u043b\u0438\u0447\u043d\u043e\u0439 \u0433\u0430\u0441\u0442\u0440\u043e\u043d\u043e\u043c\u0438\u0447\u0435\u0441\u043a\u043e\u0439 \u0441\u0446\u0435\u043d\u044b.<\/p>\t\t\t\t\t\t\t\t<\/div>\n\t\t\t\t<\/div>\n\t\t\t\t<div class=\"elementor-element elementor-element-5b32d88 elementor-widget-divider--view-line elementor-widget elementor-widget-divider\" data-id=\"5b32d88\" data-element_type=\"widget\" data-widget_type=\"divider.default\">\n\t\t\t\t<div class=\"elementor-widget-container\">\n\t\t\t\t\t\t\t<div class=\"elementor-divider\">\n\t\t\t<span class=\"elementor-divider-separator\">\n\t\t\t\t\t\t<\/span>\n\t\t<\/div>\n\t\t\t\t\t\t<\/div>\n\t\t\t\t<\/div>\n\t\t\t\t<div class=\"elementor-element elementor-element-b571336 elementor-widget elementor-widget-text-editor\" data-id=\"b571336\" data-element_type=\"widget\" data-widget_type=\"text-editor.default\">\n\t\t\t\t<div class=\"elementor-widget-container\">\n\t\t\t\t\t\t\t\t\t<p><strong>\u041f\u0438\u0446\u0446\u0435\u0440\u0438\u044f La Gondola Due<\/strong><br \/>Beerenstr. 57, 14163 \u0411\u0435\u0440\u043b\u0438\u043d<br \/>\u0422\u0435\u043b\u0435\u0444\u043e\u043d: 030-802 43 64<br \/>www.lagondoladue.de<br \/>\u041a\u0443\u0445\u043d\u044f: \u0438\u0442\u0430\u043b\u044c\u044f\u043d\u0441\u043a\u0430\u044f<\/p><p><strong>\u041f\u0438\u0446\u0446\u0430 \u041f\u044c\u044f\u0446\u0446\u0430<\/strong><br \/>\u0411\u044e\u043b\u043e\u0432\u0448\u0442\u0440\u0430\u0441\u0441\u0435 1, 14163 \u0411\u0435\u0440\u043b\u0438\u043d<br \/>\u0422\u0435\u043b\u0435\u0444\u043e\u043d: 030-80 58 50 88<br \/>pizza-piazza-berlin.9gg.de<br \/>\u041a\u0443\u0445\u043d\u044f: \u0438\u0442\u0430\u043b\u044c\u044f\u043d\u0441\u043a\u0430\u044f<\/p><p><strong>\u0420\u044b\u0431\u0430\u0446\u043a\u0430\u044f \u0445\u0438\u0436\u0438\u043d\u0430 \u0432 \u0428\u043b\u0430\u0445\u0442\u0435\u043d\u0437\u0435\u0435<\/strong><br \/>\u0424\u0438\u0448\u0435\u0440\u0445\u044e\u0442\u0442\u0435\u043d\u0448\u0442\u0440\u0430\u0441\u0441\u0435 136, 14136 \u0411\u0435\u0440\u043b\u0438\u043d<br \/>\u0422\u0435\u043b\u0435\u0444\u043e\u043d: 030-80 49 83 10<br \/>www.fischerhuette-berlin.de<br \/>\u041a\u0443\u0445\u043d\u044f: \u041c\u0435\u0436\u0434\u0443\u043d\u0430\u0440\u043e\u0434\u043d\u0430\u044f<\/p>\t\t\t\t\t\t\t\t<\/div>\n\t\t\t\t<\/div>\n\t\t\t\t<\/div>\n\t\t\t\t\t<\/div>\n\t\t\t\t<\/div>\n\t\t<div class=\"elementor-element elementor-element-54f5d03 e-flex e-con-boxed e-con e-parent\" data-id=\"54f5d03\" data-element_type=\"container\">\n\t\t\t\t\t<div class=\"e-con-inner\">\n\t\t<div class=\"elementor-element elementor-element-2145c14 e-con-full e-flex e-con e-child\" data-id=\"2145c14\" data-element_type=\"container\">\n\t\t\t\t<div class=\"elementor-element elementor-element-e8f8c39 elementor-widget elementor-widget-image\" data-id=\"e8f8c39\" data-element_type=\"widget\" data-widget_type=\"image.default\">\n\t\t\t\t<div class=\"elementor-widget-container\">\n\t\t\t\t\t\t\t\t\t\t\t\t\t\t\t<img fetchpriority=\"high\" decoding=\"async\" width=\"800\" height=\"600\" src=\"https:\/\/www.hotel-landhaus-schlachtensee.de\/wp-content\/uploads\/2025\/01\/lake-1689666_1280-1024x768.jpg\" class=\"attachment-large size-large wp-image-143\" alt=\"Schlachtensee\" srcset=\"https:\/\/www.hotel-landhaus-schlachtensee.de\/wp-content\/uploads\/2025\/01\/lake-1689666_1280-1024x768.jpg 1024w, https:\/\/www.hotel-landhaus-schlachtensee.de\/wp-content\/uploads\/2025\/01\/lake-1689666_1280-300x225.jpg 300w, https:\/\/www.hotel-landhaus-schlachtensee.de\/wp-content\/uploads\/2025\/01\/lake-1689666_1280-768x576.jpg 768w, https:\/\/www.hotel-landhaus-schlachtensee.de\/wp-content\/uploads\/2025\/01\/lake-1689666_1280.jpg 1280w\" sizes=\"(max-width: 800px) 100vw, 800px\" \/>\t\t\t\t\t\t\t\t\t\t\t\t\t\t\t<\/div>\n\t\t\t\t<\/div>\n\t\t\t\t<\/div>\n\t\t<div class=\"elementor-element elementor-element-eeb4250 e-con-full e-flex e-con e-child\" data-id=\"eeb4250\" data-element_type=\"container\">\n\t\t\t\t<div class=\"elementor-element elementor-element-3d6a950 elementor-widget elementor-widget-text-editor\" data-id=\"3d6a950\" data-element_type=\"widget\" data-widget_type=\"text-editor.default\">\n\t\t\t\t<div class=\"elementor-widget-container\">\n\t\t\t\t\t\t\t\t\t<h2>\u0414\u043e\u0441\u0442\u043e\u043f\u0440\u0438\u043c\u0435\u0447\u0430\u0442\u0435\u043b\u044c\u043d\u043e\u0441\u0442\u0438<\/h2>\t\t\t\t\t\t\t\t<\/div>\n\t\t\t\t<\/div>\n\t\t\t\t<div class=\"elementor-element elementor-element-f54bd8b elementor-widget elementor-widget-text-editor\" data-id=\"f54bd8b\" data-element_type=\"widget\" data-widget_type=\"text-editor.default\">\n\t\t\t\t<div class=\"elementor-widget-container\">\n\t\t\t\t\t\t\t\t\t<p>\u041f\u043e\u043c\u0438\u043c\u043e \u0432\u043e\u0441\u0445\u0438\u0442\u0438\u0442\u0435\u043b\u044c\u043d\u043e\u0439 \u043f\u0440\u0438\u0440\u043e\u0434\u044b, \u0432 \u043a\u043e\u0442\u043e\u0440\u043e\u0439 \u0440\u0430\u0441\u043f\u043e\u043b\u043e\u0436\u0438\u043b\u0441\u044f \u043e\u0442\u0435\u043b\u044c Landhaus Schlachtensee, \u0437\u0434\u0435\u0441\u044c \u0435\u0441\u0442\u044c \u0438 \u043a\u0443\u043b\u044c\u0442\u0443\u0440\u043d\u044b\u0435 \u0434\u043e\u0441\u0442\u043e\u043f\u0440\u0438\u043c\u0435\u0447\u0430\u0442\u0435\u043b\u044c\u043d\u043e\u0441\u0442\u0438, \u0441 \u043a\u043e\u0442\u043e\u0440\u044b\u043c\u0438 \u043c\u043e\u0433\u0443\u0442 \u043f\u043e\u0437\u043d\u0430\u043a\u043e\u043c\u0438\u0442\u044c\u0441\u044f \u0437\u0430\u0438\u043d\u0442\u0435\u0440\u0435\u0441\u043e\u0432\u0430\u043d\u043d\u044b\u0435 \u0433\u043e\u0441\u0442\u0438 \u043e\u0442\u0435\u043b\u044f. \u041a \u043d\u0438\u043c \u043e\u0442\u043d\u043e\u0441\u044f\u0442\u0441\u044f, \u043d\u0430\u043f\u0440\u0438\u043c\u0435\u0440, \u0433\u043e\u0441\u0443\u0434\u0430\u0440\u0441\u0442\u0432\u0435\u043d\u043d\u044b\u0435 \u043c\u0443\u0437\u0435\u0438 \u0411\u0435\u0440\u043b\u0438\u043d\u0430 \u0438 \u0414\u0430\u043b\u0435\u043c\u0430, \u0434\u0432\u043e\u0440\u0435\u0446 \u0413\u043b\u0438\u043d\u0438\u043a\u0435, \u043e\u0445\u043e\u0442\u043d\u0438\u0447\u0438\u0439 \u0434\u043e\u043c\u0438\u043a \u0413\u0440\u044e\u043d\u0435\u0432\u0430\u043b\u044c\u0434 \u0438 \u041f\u0430\u0432\u043b\u0438\u043d\u0438\u0439 \u043e\u0441\u0442\u0440\u043e\u0432 \u0441 \u0435\u0433\u043e \u0434\u0432\u043e\u0440\u0446\u043e\u043c \u0440\u0430\u0437\u0432\u043b\u0435\u0447\u0435\u043d\u0438\u0439.\u00a0<\/p>\n<p>\u041d\u0430 \u0441\u0442\u043e\u0439\u043a\u0435 \u0440\u0435\u0433\u0438\u0441\u0442\u0440\u0430\u0446\u0438\u0438 \u0432\u044b \u043c\u043e\u0436\u0435\u0442\u0435 \u043f\u043e\u043b\u0443\u0447\u0438\u0442\u044c \u0434\u043e\u043f\u043e\u043b\u043d\u0438\u0442\u0435\u043b\u044c\u043d\u044b\u0435 \u0438\u043d\u0444\u043e\u0440\u043c\u0430\u0446\u0438\u043e\u043d\u043d\u044b\u0435 \u043c\u0430\u0442\u0435\u0440\u0438\u0430\u043b\u044b \u043e \u043d\u0430\u043f\u0440\u0430\u0432\u043b\u0435\u043d\u0438\u044f\u0445 \u044d\u043a\u0441\u043a\u0443\u0440\u0441\u0438\u0439, \u0434\u043e\u0441\u0442\u043e\u043f\u0440\u0438\u043c\u0435\u0447\u0430\u0442\u0435\u043b\u044c\u043d\u043e\u0441\u0442\u044f\u0445, \u0432\u0440\u0435\u043c\u0435\u043d\u0438 \u0440\u0430\u0431\u043e\u0442\u044b \u0438 \u0442\u0440\u0430\u043d\u0441\u043f\u043e\u0440\u0442\u043d\u043e\u043c \u0441\u043e\u043e\u0431\u0449\u0435\u043d\u0438\u0438.\u00a0<\/p>\n<p>\u00a0<\/p>\t\t\t\t\t\t\t\t<\/div>\n\t\t\t\t<\/div>\n\t\t\t\t<div class=\"elementor-element elementor-element-3720bff elementor-widget-divider--view-line elementor-widget elementor-widget-divider\" data-id=\"3720bff\" data-element_type=\"widget\" data-widget_type=\"divider.default\">\n\t\t\t\t<div class=\"elementor-widget-container\">\n\t\t\t\t\t\t\t<div class=\"elementor-divider\">\n\t\t\t<span class=\"elementor-divider-separator\">\n\t\t\t\t\t\t<\/span>\n\t\t<\/div>\n\t\t\t\t\t\t<\/div>\n\t\t\t\t<\/div>\n\t\t\t\t<\/div>\n\t\t\t\t\t<\/div>\n\t\t\t\t<\/div>\n\t\t\t\t<\/div>","protected":false},"excerpt":{"rendered":"<p>Umgebung des Hotels Landhaus Schlachtensee &#8222;In der Stille der Natur finden wir den wahren Reichtum des Lebens \u2013 Zeit, Frieden und das Gef\u00fchl, angekommen zu sein.&#8220; Natur pur &#8211; Mitten in Berlin Freizeit\/Erholung In erster Linie muss hier nat\u00fcrlich der Schlachtensee erw\u00e4hnt werden. Er ist der s\u00fcdlichste der gro\u00dfen Grunewald-Seenkette. An seinen Ufern befindet sich [&hellip;]<\/p>","protected":false},"author":1,"featured_media":0,"parent":0,"menu_order":0,"comment_status":"closed","ping_status":"closed","template":"","meta":{"footnotes":""},"class_list":["post-142","page","type-page","status-publish","hentry"],"_links":{"self":[{"href":"https:\/\/www.hotel-landhaus-schlachtensee.de\/ru\/wp-json\/wp\/v2\/pages\/142","targetHints":{"allow":["GET"]}}],"collection":[{"href":"https:\/\/www.hotel-landhaus-schlachtensee.de\/ru\/wp-json\/wp\/v2\/pages"}],"about":[{"href":"https:\/\/www.hotel-landhaus-schlachtensee.de\/ru\/wp-json\/wp\/v2\/types\/page"}],"author":[{"embeddable":true,"href":"https:\/\/www.hotel-landhaus-schlachtensee.de\/ru\/wp-json\/wp\/v2\/users\/1"}],"replies":[{"embeddable":true,"href":"https:\/\/www.hotel-landhaus-schlachtensee.de\/ru\/wp-json\/wp\/v2\/comments?post=142"}],"version-history":[{"count":17,"href":"https:\/\/www.hotel-landhaus-schlachtensee.de\/ru\/wp-json\/wp\/v2\/pages\/142\/revisions"}],"predecessor-version":[{"id":166,"href":"https:\/\/www.hotel-landhaus-schlachtensee.de\/ru\/wp-json\/wp\/v2\/pages\/142\/revisions\/166"}],"wp:attachment":[{"href":"https:\/\/www.hotel-landhaus-schlachtensee.de\/ru\/wp-json\/wp\/v2\/media?parent=142"}],"curies":[{"name":"wp","href":"https:\/\/api.w.org\/{rel}","templated":true}]}}