{"id":47,"date":"2025-01-22T08:37:13","date_gmt":"2025-01-22T07:37:13","guid":{"rendered":"http:\/\/jedynak"},"modified":"2025-01-27T08:42:49","modified_gmt":"2025-01-27T07:42:49","slug":"datenschutzerklaerung-2","status":"publish","type":"page","link":"https:\/\/www.hotel-landhaus-schlachtensee.de\/tr\/datenschutzerklaerung-2\/","title":{"rendered":"Gizlilik Politikas\u0131"},"content":{"rendered":"<h2 class=\"wp-block-heading\">Biz Kimiz<\/h2>\n\n\n\n<p>Web sitemizin adresi: https:\/\/hotel-landhaus-schlachtensee.de.<\/p>\n\n\n\n<h2 class=\"wp-block-heading\">Yorumlar<\/h2>\n\n\n\n<p>Ziyaret\u00e7iler web sitesine yorum g\u00f6nderdi\u011finde, spam'i tan\u0131maya yard\u0131mc\u0131 olmak i\u00e7in yorum formunda g\u00f6r\u00fcnt\u00fclenen verileri, ziyaret\u00e7inin IP adresini ve kullan\u0131c\u0131 arac\u0131s\u0131 dizesini (taray\u0131c\u0131y\u0131 tan\u0131mlayan) toplar\u0131z.<\/p>\n\n\n\n<p>E-posta adresinizden anonimle\u015ftirilmi\u015f bir karakter dizisi (hash olarak da bilinir) olu\u015fturulabilir ve kullan\u0131p kullanmad\u0131\u011f\u0131n\u0131z\u0131 kontrol etmek i\u00e7in Gravatar hizmetine iletilebilir. Gravatar hizmetinin gizlilik politikas\u0131n\u0131 burada bulabilirsiniz: https:\/\/automattic.com\/privacy\/. Yorumunuz onayland\u0131ktan sonra, profil resminiz yorumunuz ba\u011flam\u0131nda herkese a\u00e7\u0131k olarak g\u00f6r\u00fcn\u00fcr olacakt\u0131r.<\/p>\n\n\n\n<h2 class=\"wp-block-heading\">Medya<\/h2>\n\n\n\n<p>Kay\u0131tl\u0131 bir kullan\u0131c\u0131ysan\u0131z ve bu web sitesine foto\u011fraf y\u00fckl\u00fcyorsan\u0131z, EXIF GPS konumu i\u00e7eren foto\u011fraflar y\u00fcklemekten ka\u00e7\u0131nmal\u0131s\u0131n\u0131z. Bu web sitesinin ziyaret\u00e7ileri, bu web sitesinde depolanan foto\u011fraflar\u0131 indirebilir ve konum bilgilerini \u00e7\u0131karabilir.<\/p>\n\n\n\n<h2 class=\"wp-block-heading\">\u00c7erezler<\/h2>\n\n\n\n<p>Web sitemize bir yorum yazarsan\u0131z, bu, ad\u0131n\u0131z\u0131, e-posta adresinizi ve web sitenizi \u00e7erezlere kaydetmek i\u00e7in bir onay olabilir. Bu, ba\u015fka bir yorum yazd\u0131\u011f\u0131n\u0131zda t\u00fcm bu verileri yeniden girmek zorunda kalmaman\u0131z i\u00e7in kolayl\u0131k sa\u011flayan bir \u00f6zelliktir. Bu \u00e7erezler bir y\u0131l boyunca saklan\u0131r.<\/p>\n\n\n\n<p>Bir hesab\u0131n\u0131z varsa ve bu web sitesinde oturum a\u00e7arsan\u0131z, taray\u0131c\u0131n\u0131z\u0131n \u00e7erezleri kabul edip etmedi\u011fini belirlemek i\u00e7in ge\u00e7ici bir \u00e7erez ayarlayaca\u011f\u0131z. Bu \u00e7erez herhangi bir ki\u015fisel veri i\u00e7ermez ve taray\u0131c\u0131n\u0131z\u0131 kapatt\u0131\u011f\u0131n\u0131zda at\u0131l\u0131r.<\/p>\n\n\n\n<p>Kaydoldu\u011funuzda, giri\u015f bilgilerinizi ve g\u00f6r\u00fcnt\u00fcleme se\u00e7eneklerinizi saklamak i\u00e7in baz\u0131 \u00e7erezler ayarlayaca\u011f\u0131z. Giri\u015f \u00e7erezlerinin s\u00fcresi iki g\u00fcn sonra, g\u00f6r\u00fcnt\u00fcleme se\u00e7enekleri i\u00e7in \u00e7erezlerin s\u00fcresi ise bir y\u0131l sonra dolar. Oturum a\u00e7t\u0131\u011f\u0131n\u0131zda \"Oturum a\u00e7\u0131k kals\u0131n\" se\u00e7ene\u011fini se\u00e7erseniz, oturum a\u00e7ma bilgileriniz iki hafta boyunca saklanacakt\u0131r. Hesab\u0131n\u0131zdan \u00e7\u0131k\u0131\u015f yapt\u0131\u011f\u0131n\u0131zda, oturum a\u00e7ma \u00e7erezleri silinir.<\/p>\n\n\n\n<p>Bir makaleyi d\u00fczenledi\u011finizde veya yay\u0131nlad\u0131\u011f\u0131n\u0131zda, taray\u0131c\u0131n\u0131zda ek bir \u00e7erez saklan\u0131r. Bu \u00e7erez herhangi bir ki\u015fisel veri i\u00e7ermez ve yaln\u0131zca d\u00fczenledi\u011finiz makalenin g\u00f6nderi kimli\u011fine at\u0131fta bulunur. \u00c7erezin s\u00fcresi bir g\u00fcn sonra dolar.<\/p>\n\n\n\n<h2 class=\"wp-block-heading\">Di\u011fer web sitelerinden g\u00f6m\u00fcl\u00fc i\u00e7erik<\/h2>\n\n\n\n<p>Bu web sitesindeki yay\u0131nlar g\u00f6m\u00fcl\u00fc i\u00e7erik (\u00f6r. videolar, resimler, makaleler, vb.) i\u00e7erebilir. Di\u011fer web sitelerinden gelen g\u00f6m\u00fcl\u00fc i\u00e7erik, ziyaret\u00e7i di\u011fer web sitesini ziyaret etmi\u015f gibi davran\u0131r.<\/p>\n\n\n\n<p>Bu web siteleri hakk\u0131n\u0131zda veri toplayabilir, \u00e7erez kullanabilir, ek \u00fc\u00e7\u00fcnc\u00fc taraf izleme hizmetleri yerle\u015ftirebilir ve bir hesab\u0131n\u0131z varsa ve bu web sitesinde oturum a\u00e7t\u0131ysan\u0131z g\u00f6m\u00fcl\u00fc i\u00e7erikle etkile\u015fiminiz de dahil olmak \u00fczere bu g\u00f6m\u00fcl\u00fc i\u00e7erikle etkile\u015fiminizi kaydedebilir.<\/p>\n\n\n\n<h2 class=\"wp-block-heading\">Verilerinizi kimlerle payla\u015f\u0131yoruz<\/h2>\n\n\n\n<p>Parola s\u0131f\u0131rlama talebinde bulunursan\u0131z, IP adresiniz s\u0131f\u0131rlama e-postas\u0131na dahil edilecektir.<\/p>\n\n\n\n<h2 class=\"wp-block-heading\">Verilerinizi ne kadar s\u00fcreyle sakl\u0131yoruz<\/h2>\n\n\n\n<p>Bir yorum yazd\u0131\u011f\u0131n\u0131zda, meta veriler de dahil olmak \u00fczere s\u00fcresiz olarak kaydedilir. Bu \u015fekilde, takip eden yorumlar\u0131 bir moderasyon kuyru\u011funda tutmak yerine otomatik olarak tan\u0131yabilir ve onaylayabiliriz.<\/p>\n\n\n\n<p>Web sitemize kaydolan kullan\u0131c\u0131lar i\u00e7in, sa\u011flad\u0131klar\u0131 ki\u015fisel bilgileri kullan\u0131c\u0131 profillerinde de saklar\u0131z. T\u00fcm kullan\u0131c\u0131lar ki\u015fisel bilgilerini istedikleri zaman g\u00f6r\u00fcnt\u00fcleyebilir, de\u011fi\u015ftirebilir veya silebilir (kullan\u0131c\u0131 ad\u0131 de\u011fi\u015ftirilemez). Web sitesi y\u00f6neticileri de bu bilgileri g\u00f6r\u00fcnt\u00fcleyebilir ve de\u011fi\u015ftirebilir.<\/p>\n\n\n\n<h2 class=\"wp-block-heading\">Verileriniz \u00fczerinde sahip oldu\u011funuz haklar<\/h2>\n\n\n\n<p>Bu web sitesinde bir hesab\u0131n\u0131z varsa veya yorum yazd\u0131ysan\u0131z, bize sa\u011flad\u0131\u011f\u0131n\u0131z veriler de dahil olmak \u00fczere ki\u015fisel verilerinizin bizden d\u0131\u015fa aktar\u0131lmas\u0131n\u0131 talep edebilirsiniz. Ayr\u0131ca, hakk\u0131n\u0131zda saklad\u0131\u011f\u0131m\u0131z t\u00fcm ki\u015fisel verilerin silinmesini talep edebilirsiniz. Bu, idari, yasal veya g\u00fcvenlik ama\u00e7lar\u0131 i\u00e7in saklamam\u0131z gereken verileri i\u00e7ermez.<\/p>\n\n\n\n<h2 class=\"wp-block-heading\">Verilerinizin g\u00f6nderildi\u011fi yer<\/h2>\n\n\n\n<p>Ziyaret\u00e7i yorumlar\u0131 otomatik bir spam tespit hizmeti taraf\u0131ndan analiz edilebilir.<\/p>","protected":false},"excerpt":{"rendered":"<p>Wer wir sind Die Adresse unserer Website ist: https:\/\/hotel-landhaus-schlachtensee.de. Kommentare Wenn Besucher Kommentare auf der Website schreiben, sammeln wir die Daten, die im Kommentar-Formular angezeigt werden, au\u00dferdem die IP-Adresse des Besuchers und den User-Agent-String (damit wird der Browser identifiziert), um die Erkennung von Spam zu unterst\u00fctzen. Aus deiner E-Mail-Adresse kann eine anonymisierte Zeichenfolge erstellt (auch [&hellip;]<\/p>","protected":false},"author":1,"featured_media":0,"parent":0,"menu_order":0,"comment_status":"closed","ping_status":"open","template":"","meta":{"footnotes":""},"class_list":["post-47","page","type-page","status-publish","hentry"],"_links":{"self":[{"href":"https:\/\/www.hotel-landhaus-schlachtensee.de\/tr\/wp-json\/wp\/v2\/pages\/47","targetHints":{"allow":["GET"]}}],"collection":[{"href":"https:\/\/www.hotel-landhaus-schlachtensee.de\/tr\/wp-json\/wp\/v2\/pages"}],"about":[{"href":"https:\/\/www.hotel-landhaus-schlachtensee.de\/tr\/wp-json\/wp\/v2\/types\/page"}],"author":[{"embeddable":true,"href":"https:\/\/www.hotel-landhaus-schlachtensee.de\/tr\/wp-json\/wp\/v2\/users\/1"}],"replies":[{"embeddable":true,"href":"https:\/\/www.hotel-landhaus-schlachtensee.de\/tr\/wp-json\/wp\/v2\/comments?post=47"}],"version-history":[{"count":1,"href":"https:\/\/www.hotel-landhaus-schlachtensee.de\/tr\/wp-json\/wp\/v2\/pages\/47\/revisions"}],"predecessor-version":[{"id":225,"href":"https:\/\/www.hotel-landhaus-schlachtensee.de\/tr\/wp-json\/wp\/v2\/pages\/47\/revisions\/225"}],"wp:attachment":[{"href":"https:\/\/www.hotel-landhaus-schlachtensee.de\/tr\/wp-json\/wp\/v2\/media?parent=47"}],"curies":[{"name":"wp","href":"https:\/\/api.w.org\/{rel}","templated":true}]}}