{"id":142,"date":"2025-01-22T16:24:52","date_gmt":"2025-01-22T15:24:52","guid":{"rendered":"https:\/\/www.hotel-landhaus-schlachtensee.de\/?page_id=142"},"modified":"2025-01-22T17:13:03","modified_gmt":"2025-01-22T16:13:03","slug":"umgebung","status":"publish","type":"page","link":"https:\/\/www.hotel-landhaus-schlachtensee.de\/zh\/umgebung\/","title":{"rendered":"\u5468\u56f4\u73af\u5883"},"content":{"rendered":"<div data-elementor-type=\"wp-page\" data-elementor-id=\"142\" class=\"elementor elementor-142\" data-elementor-post-type=\"page\">\n\t\t\t\t\t\t<section class=\"elementor-section elementor-top-section elementor-element elementor-element-672278f9 elementor-section-height-min-height elementor-section-boxed elementor-section-height-default elementor-section-items-middle\" data-id=\"672278f9\" data-element_type=\"section\" data-settings=\"{&quot;background_background&quot;:&quot;classic&quot;}\">\n\t\t\t\t\t\t<div class=\"elementor-container elementor-column-gap-default\">\n\t\t\t\t\t<div class=\"elementor-column elementor-col-100 elementor-top-column elementor-element elementor-element-20f0bcbc\" data-id=\"20f0bcbc\" data-element_type=\"column\">\n\t\t\t<div class=\"elementor-widget-wrap elementor-element-populated\">\n\t\t\t\t\t\t<div class=\"elementor-element elementor-element-6779484 elementor-widget elementor-widget-text-editor\" data-id=\"6779484\" data-element_type=\"widget\" data-widget_type=\"text-editor.default\">\n\t\t\t\t<div class=\"elementor-widget-container\">\n\t\t\t\t\t\t\t\t\t<p>Landhaus Schlachtensee \u9152\u5e97\u5468\u8fb9\u73af\u5883<\/p>\t\t\t\t\t\t\t\t<\/div>\n\t\t\t\t<\/div>\n\t\t\t\t<div class=\"elementor-element elementor-element-34a487e elementor-widget elementor-widget-text-editor\" data-id=\"34a487e\" data-element_type=\"widget\" data-widget_type=\"text-editor.default\">\n\t\t\t\t<div class=\"elementor-widget-container\">\n\t\t\t\t\t\t\t\t\t<p>\"\u5728\u5bc2\u9759\u7684\u5927\u81ea\u7136\u4e2d\uff0c\u6211\u4eec\u627e\u5230\u4e86\u771f\u6b63\u4e30\u5bcc\u7684\u751f\u547d--\u65f6\u95f4\u3001\u5b81\u9759\u548c\u5230\u8fbe\u7684\u611f\u89c9\"\u3002<\/p>\t\t\t\t\t\t\t\t<\/div>\n\t\t\t\t<\/div>\n\t\t\t\t\t<\/div>\n\t\t<\/div>\n\t\t\t\t\t<\/div>\n\t\t<\/section>\n\t\t<div class=\"elementor-element elementor-element-70d9858 e-flex e-con-boxed e-con e-parent\" data-id=\"70d9858\" data-element_type=\"container\">\n\t\t\t\t\t<div class=\"e-con-inner\">\n\t\t<div class=\"elementor-element elementor-element-c596205 e-con-full e-flex e-con e-child\" data-id=\"c596205\" data-element_type=\"container\">\n\t\t\t\t<div class=\"elementor-element elementor-element-bacbaca elementor-widget elementor-widget-image\" data-id=\"bacbaca\" data-element_type=\"widget\" data-widget_type=\"image.default\">\n\t\t\t\t<div class=\"elementor-widget-container\">\n\t\t\t\t\t\t\t\t\t\t\t\t\t\t\t<img fetchpriority=\"high\" decoding=\"async\" width=\"800\" height=\"600\" src=\"https:\/\/www.hotel-landhaus-schlachtensee.de\/wp-content\/uploads\/2025\/01\/lake-1689666_1280-1024x768.jpg\" class=\"attachment-large size-large wp-image-143\" alt=\"Schlachtensee\" srcset=\"https:\/\/www.hotel-landhaus-schlachtensee.de\/wp-content\/uploads\/2025\/01\/lake-1689666_1280-1024x768.jpg 1024w, https:\/\/www.hotel-landhaus-schlachtensee.de\/wp-content\/uploads\/2025\/01\/lake-1689666_1280-300x225.jpg 300w, https:\/\/www.hotel-landhaus-schlachtensee.de\/wp-content\/uploads\/2025\/01\/lake-1689666_1280-768x576.jpg 768w, https:\/\/www.hotel-landhaus-schlachtensee.de\/wp-content\/uploads\/2025\/01\/lake-1689666_1280.jpg 1280w\" sizes=\"(max-width: 800px) 100vw, 800px\" \/>\t\t\t\t\t\t\t\t\t\t\t\t\t\t\t<\/div>\n\t\t\t\t<\/div>\n\t\t\t\t<\/div>\n\t\t<div class=\"elementor-element elementor-element-5973ccb e-con-full e-flex e-con e-child\" data-id=\"5973ccb\" data-element_type=\"container\">\n\t\t\t\t<div class=\"elementor-element elementor-element-6f96367 elementor-widget elementor-widget-text-editor\" data-id=\"6f96367\" data-element_type=\"widget\" data-widget_type=\"text-editor.default\">\n\t\t\t\t<div class=\"elementor-widget-container\">\n\t\t\t\t\t\t\t\t\t<h2>\u67cf\u6797\u5e02\u4e2d\u5fc3\u7684\u7eaf\u51c0\u81ea\u7136<\/h2><h3>\u4f11\u95f2\/\u5a31\u4e50<\/h3>\t\t\t\t\t\t\t\t<\/div>\n\t\t\t\t<\/div>\n\t\t\t\t<div class=\"elementor-element elementor-element-7aec986 elementor-widget elementor-widget-text-editor\" data-id=\"7aec986\" data-element_type=\"widget\" data-widget_type=\"text-editor.default\">\n\t\t\t\t<div class=\"elementor-widget-container\">\n\t\t\t\t\t\t\t\t\t<p>\u5f53\u7136\uff0c\u8fd9\u91cc\u9996\u5148\u8981\u63d0\u5230\u7684\u662f\u65bd\u62c9\u8d6b\u6ed5\u585e\u6e56\uff08Schlachtensee\uff09\u3002\u5b83\u662f\u683c\u5415\u5185\u74e6\u5c14\u5fb7\u5927\u578b\u6e56\u6cca\u94fe\u7684\u6700\u5357\u7aef\u3002<\/p><p>\u6e56\u8fb9\u6709\u4e00\u6761\u957f\u8fbe 5.5 \u516c\u91cc\u7684\u73af\u6e56\u8fdc\u8db3\u5c0f\u5f84\uff0c\u60a8\u53ef\u4ee5\u5728\u6b64\u8fdc\u8db3\u3001\u6563\u6b65\u6216\u6162\u8dd1\u3002\u5728\u6c14\u6e29\u8f83\u9ad8\u7684\u6708\u4efd\uff0c\u8fd9\u91cc\u662f\u67cf\u6797\u4eba\u548c\u67cf\u6797\u6e38\u5ba2\u6d88\u6691\u7eb3\u51c9\u7684\u597d\u53bb\u5904\u3002\u9760\u8fd1 S-Bahn \u548c\u4e1c\u5317\u5cb8\u7684\u51e0\u5757\u65e5\u5149\u6d74\u8349\u576a\u4e5f\u662f\u60a8\u6d41\u8fde\u5fd8\u8fd4\u3001\u653e\u677e\u8eab\u5fc3\u548c\u91ce\u9910\u7684\u597d\u53bb\u5904\u3002<\/p><p>\u4e1a\u4f59\u8239\u957f\u53ef\u4ee5\u5728\u4e1c\u5cb8\u7684\u79df\u8239\u4e2d\u5fc3\u79df\u4e00\u6761\u5212\u8247\u3002\u5782\u9493\u8005\u5728\u8fd9\u91cc\u4f1a\u89c9\u5f97\u7269\u6709\u6240\u503c\uff0c\u559c\u6b22\u8ba9\u6e05\u51c9\u7684\u6c34\u6d41\u8fc7\u5589\u5499\u7684\u6e38\u5ba2\u4e5f\u4f1a\u559c\u6b22\u8fd9\u4e2a\u5e26\u5564\u9152\u82b1\u56ed\u7684\u5386\u53f2\u60a0\u4e45\u7684\u5ba2\u6808\u3002<\/p>\t\t\t\t\t\t\t\t<\/div>\n\t\t\t\t<\/div>\n\t\t\t\t<div class=\"elementor-element elementor-element-706e298 elementor-widget-divider--view-line elementor-widget elementor-widget-divider\" data-id=\"706e298\" data-element_type=\"widget\" data-widget_type=\"divider.default\">\n\t\t\t\t<div class=\"elementor-widget-container\">\n\t\t\t\t\t\t\t<div class=\"elementor-divider\">\n\t\t\t<span class=\"elementor-divider-separator\">\n\t\t\t\t\t\t<\/span>\n\t\t<\/div>\n\t\t\t\t\t\t<\/div>\n\t\t\t\t<\/div>\n\t\t\t\t<div class=\"elementor-element elementor-element-1fac3a7 elementor-widget elementor-widget-text-editor\" data-id=\"1fac3a7\" data-element_type=\"widget\" data-widget_type=\"text-editor.default\">\n\t\t\t\t<div class=\"elementor-widget-container\">\n\t\t\t\t\t\t\t\t\t<p>\u65bd\u62c9\u8d6b\u6ed5\u585e\u7684\u9493\u9c7c\u5c0f\u5c4b<br \/>Fischerh\u00fcttenstra\u00dfe 136<br \/>14136 \u67cf\u6797<br \/>\u7535\u8bdd\uff1a030-80 49 83 10<br \/>\u4f20\u771f\uff1a030-80 49 83 26<\/p><p>\u65bd\u62c9\u8d6b\u6ed5\u585e\u6e38\u8247\u79df\u8d41<br \/>Am Marinesteig 5<br \/>14129 \u67cf\u6797<br \/>\u7535\u8bdd\uff1a030-803 73 04<\/p>\t\t\t\t\t\t\t\t<\/div>\n\t\t\t\t<\/div>\n\t\t\t\t<\/div>\n\t\t\t\t\t<\/div>\n\t\t\t\t<\/div>\n\t\t<div class=\"elementor-element elementor-element-7c4a164 e-flex e-con-boxed e-con e-parent\" data-id=\"7c4a164\" data-element_type=\"container\" data-settings=\"{&quot;background_background&quot;:&quot;classic&quot;}\">\n\t\t\t\t\t<div class=\"e-con-inner\">\n\t\t<div class=\"elementor-element elementor-element-e79ba0e e-con-full e-flex e-con e-child\" data-id=\"e79ba0e\" data-element_type=\"container\">\n\t\t\t\t<div class=\"elementor-element elementor-element-550414b elementor-widget elementor-widget-image\" data-id=\"550414b\" data-element_type=\"widget\" data-widget_type=\"image.default\">\n\t\t\t\t<div class=\"elementor-widget-container\">\n\t\t\t\t\t\t\t\t\t\t\t\t\t\t\t<img decoding=\"async\" width=\"800\" height=\"534\" src=\"https:\/\/www.hotel-landhaus-schlachtensee.de\/wp-content\/uploads\/2025\/01\/127967692.jpg\" class=\"attachment-large size-large wp-image-97\" alt=\"Kaffee\" srcset=\"https:\/\/www.hotel-landhaus-schlachtensee.de\/wp-content\/uploads\/2025\/01\/127967692.jpg 1024w, https:\/\/www.hotel-landhaus-schlachtensee.de\/wp-content\/uploads\/2025\/01\/127967692-300x200.jpg 300w, https:\/\/www.hotel-landhaus-schlachtensee.de\/wp-content\/uploads\/2025\/01\/127967692-768x512.jpg 768w\" sizes=\"(max-width: 800px) 100vw, 800px\" \/>\t\t\t\t\t\t\t\t\t\t\t\t\t\t\t<\/div>\n\t\t\t\t<\/div>\n\t\t\t\t<div class=\"elementor-element elementor-element-3f2ab4d elementor-widget elementor-widget-image\" data-id=\"3f2ab4d\" data-element_type=\"widget\" data-widget_type=\"image.default\">\n\t\t\t\t<div class=\"elementor-widget-container\">\n\t\t\t\t\t\t\t\t\t\t\t\t\t\t\t<img decoding=\"async\" width=\"800\" height=\"600\" src=\"https:\/\/www.hotel-landhaus-schlachtensee.de\/wp-content\/uploads\/2025\/01\/12252074.jpg\" class=\"attachment-large size-large wp-image-157\" alt=\"Buffett\" srcset=\"https:\/\/www.hotel-landhaus-schlachtensee.de\/wp-content\/uploads\/2025\/01\/12252074.jpg 1024w, https:\/\/www.hotel-landhaus-schlachtensee.de\/wp-content\/uploads\/2025\/01\/12252074-300x225.jpg 300w, https:\/\/www.hotel-landhaus-schlachtensee.de\/wp-content\/uploads\/2025\/01\/12252074-768x576.jpg 768w\" sizes=\"(max-width: 800px) 100vw, 800px\" \/>\t\t\t\t\t\t\t\t\t\t\t\t\t\t\t<\/div>\n\t\t\t\t<\/div>\n\t\t\t\t<\/div>\n\t\t<div class=\"elementor-element elementor-element-d1fc954 e-con-full e-flex e-con e-child\" data-id=\"d1fc954\" data-element_type=\"container\">\n\t\t\t\t<div class=\"elementor-element elementor-element-82209b0 elementor-widget elementor-widget-text-editor\" data-id=\"82209b0\" data-element_type=\"widget\" data-widget_type=\"text-editor.default\">\n\t\t\t\t<div class=\"elementor-widget-container\">\n\t\t\t\t\t\t\t\t\t<h2>\u7eaf\u7cb9\u7684\u4e50\u8da3 - \u7f8e\u98df<\/h2>\t\t\t\t\t\t\t\t<\/div>\n\t\t\t\t<\/div>\n\t\t\t\t<div class=\"elementor-element elementor-element-6326c23 elementor-widget elementor-widget-text-editor\" data-id=\"6326c23\" data-element_type=\"widget\" data-widget_type=\"text-editor.default\">\n\t\t\t\t<div class=\"elementor-widget-container\">\n\t\t\t\t\t\t\t\t\t<p>\u5728\u65bd\u62c9\u8d6b\u6ed5\u585e\u5170\u5fb7\u8c6a\u65af\u9152\u5e97\uff08Hotel Landhaus Schlachtensee\uff09\uff0c\u60a8\u65e9\u6668\u7684\u8eab\u4f53\u5065\u5eb7\u53ef\u4ee5\u5f97\u5230\u5145\u5206\u7684\u4fdd\u969c\u3002\u6211\u4eec\u4e30\u5bcc\u591a\u6837\u7684\u65e9\u9910\u786e\u4fdd\u60a8\u4e00\u5929\u7684\u5b8c\u7f8e\u5f00\u59cb\u3002<\/p><p>\u9644\u8fd1\u8fd8\u6709\u9910\u5385\u63d0\u4f9b\u5404\u79cd\u9910\u996e\u3002\u65e2\u6709\u63d0\u4f9b\u5fb7\u56fd\u548c\u56fd\u9645\u7f8e\u98df\u7684\u7ecf\u5178\u9910\u5385\uff0c\u4e5f\u6709\u63d0\u4f9b\u9ad8\u54c1\u8d28\u7c73\u5176\u6797\u661f\u7ea7\u7f8e\u98df\u7684\u7f8e\u98df\u6bbf\u5802\u3002<br \/>\u4e0b\u9762\u6211\u4eec\u9009\u62e9\u4e86\u51e0\u4e2a\u5730\u5740\uff0c\u5411\u60a8\u5c55\u793a\u683c\u5415\u5185\u74e6\u5c14\u5fb7\uff08Grunewald\uff09\u5730\u533a\u65bd\u62c9\u8d6b\u6ed5\u585e\uff08Schlachtensee\uff09\u5468\u56f4\u7684\u5404\u79cd\u7f8e\u98df\u3002\u8fd9\u53ea\u662f\u9996\u90fd\u591a\u59ff\u591a\u5f69\u7684\u7f8e\u98df\u666f\u8c61\u7684\u4e00\u4e2a\u7f29\u5f71\u3002<\/p>\t\t\t\t\t\t\t\t<\/div>\n\t\t\t\t<\/div>\n\t\t\t\t<div class=\"elementor-element elementor-element-5b32d88 elementor-widget-divider--view-line elementor-widget elementor-widget-divider\" data-id=\"5b32d88\" data-element_type=\"widget\" data-widget_type=\"divider.default\">\n\t\t\t\t<div class=\"elementor-widget-container\">\n\t\t\t\t\t\t\t<div class=\"elementor-divider\">\n\t\t\t<span class=\"elementor-divider-separator\">\n\t\t\t\t\t\t<\/span>\n\t\t<\/div>\n\t\t\t\t\t\t<\/div>\n\t\t\t\t<\/div>\n\t\t\t\t<div class=\"elementor-element elementor-element-b571336 elementor-widget elementor-widget-text-editor\" data-id=\"b571336\" data-element_type=\"widget\" data-widget_type=\"text-editor.default\">\n\t\t\t\t<div class=\"elementor-widget-container\">\n\t\t\t\t\t\t\t\t\t<p><strong>\u62c9\u8d21\u591a\u62c9\u6bd4\u8428\u5e97<\/strong><br \/>Beerenstr.<br \/>\u7535\u8bdd\uff1a030-802 43 64<br \/>www.lagondoladue.de<br \/>\u83dc\u5f0f\uff1a \u610f\u5927\u5229\u83dc<\/p><p><strong>\u6bd4\u8428\u5e7f\u573a<\/strong><br \/>B\u00fclowstra\u00dfe 1, 14163 Berlin<br \/>\u7535\u8bdd\uff1a030-80 58 50 88<br \/>pizza-piazza-berlin.9gg.de<br \/>\u83dc\u5f0f\uff1a \u610f\u5927\u5229\u83dc<\/p><p><strong>\u65bd\u62c9\u8d6b\u6ed5\u585e\u7684\u6e14\u820d<\/strong><br \/>Fischerh\u00fcttenstra\u00dfe 136, 14136 Berlin<br \/>\u7535\u8bdd\uff1a030-80 49 83 10<br \/>www.fischerhuette-berlin.de<br \/>\u83dc\u5f0f\uff1a \u56fd\u9645\u83dc<\/p>\t\t\t\t\t\t\t\t<\/div>\n\t\t\t\t<\/div>\n\t\t\t\t<\/div>\n\t\t\t\t\t<\/div>\n\t\t\t\t<\/div>\n\t\t<div class=\"elementor-element elementor-element-54f5d03 e-flex e-con-boxed e-con e-parent\" data-id=\"54f5d03\" data-element_type=\"container\">\n\t\t\t\t\t<div class=\"e-con-inner\">\n\t\t<div class=\"elementor-element elementor-element-2145c14 e-con-full e-flex e-con e-child\" data-id=\"2145c14\" data-element_type=\"container\">\n\t\t\t\t<div class=\"elementor-element elementor-element-e8f8c39 elementor-widget elementor-widget-image\" data-id=\"e8f8c39\" data-element_type=\"widget\" data-widget_type=\"image.default\">\n\t\t\t\t<div class=\"elementor-widget-container\">\n\t\t\t\t\t\t\t\t\t\t\t\t\t\t\t<img fetchpriority=\"high\" decoding=\"async\" width=\"800\" height=\"600\" src=\"https:\/\/www.hotel-landhaus-schlachtensee.de\/wp-content\/uploads\/2025\/01\/lake-1689666_1280-1024x768.jpg\" class=\"attachment-large size-large wp-image-143\" alt=\"Schlachtensee\" srcset=\"https:\/\/www.hotel-landhaus-schlachtensee.de\/wp-content\/uploads\/2025\/01\/lake-1689666_1280-1024x768.jpg 1024w, https:\/\/www.hotel-landhaus-schlachtensee.de\/wp-content\/uploads\/2025\/01\/lake-1689666_1280-300x225.jpg 300w, https:\/\/www.hotel-landhaus-schlachtensee.de\/wp-content\/uploads\/2025\/01\/lake-1689666_1280-768x576.jpg 768w, https:\/\/www.hotel-landhaus-schlachtensee.de\/wp-content\/uploads\/2025\/01\/lake-1689666_1280.jpg 1280w\" sizes=\"(max-width: 800px) 100vw, 800px\" \/>\t\t\t\t\t\t\t\t\t\t\t\t\t\t\t<\/div>\n\t\t\t\t<\/div>\n\t\t\t\t<\/div>\n\t\t<div class=\"elementor-element elementor-element-eeb4250 e-con-full e-flex e-con e-child\" data-id=\"eeb4250\" data-element_type=\"container\">\n\t\t\t\t<div class=\"elementor-element elementor-element-3d6a950 elementor-widget elementor-widget-text-editor\" data-id=\"3d6a950\" data-element_type=\"widget\" data-widget_type=\"text-editor.default\">\n\t\t\t\t<div class=\"elementor-widget-container\">\n\t\t\t\t\t\t\t\t\t<h2>\u540d\u80dc\u53e4\u8ff9<\/h2>\t\t\t\t\t\t\t\t<\/div>\n\t\t\t\t<\/div>\n\t\t\t\t<div class=\"elementor-element elementor-element-f54bd8b elementor-widget elementor-widget-text-editor\" data-id=\"f54bd8b\" data-element_type=\"widget\" data-widget_type=\"text-editor.default\">\n\t\t\t\t<div class=\"elementor-widget-container\">\n\t\t\t\t\t\t\t\t\t<p>\u65bd\u62c9\u8d6b\u6ed5\u585e\u5170\u5fb7\u8c6a\u65af\u9152\u5e97\uff08Hotel Landhaus Schlachtensee\uff09\u5750\u843d\u5728\u8ff7\u4eba\u7684\u81ea\u7136\u73af\u5883\u4e2d\uff0c\u9664\u6b64\u4e4b\u5916\uff0c\u9152\u5e97\u5ba2\u4eba\u8fd8\u53ef\u4ee5\u6e38\u89c8\u6587\u5316\u666f\u70b9\u3002\u4f8b\u5982\uff0c\u67cf\u6797\u8fbe\u52d2\u59c6\u56fd\u5bb6\u535a\u7269\u9986\uff08Berlin-Dahlem State Museums\uff09\u3001\u683c\u5229\u5c3c\u514b\u5bab\uff08Glienicke Palace\uff09\u3001\u683c\u9c81\u5185\u74e6\u5c14\u5fb7\u72e9\u730e\u5c0f\u5c4b\uff08Grunewald Hunting Lodge\uff09\u548c\u5b54\u96c0\u5c9b\uff08Peacock Island\uff09\u53ca\u5176\u5bab\u6bbf\u3002\u00a0<\/p>\n<p>\u5728\u63a5\u5f85\u5904\uff0c\u60a8\u53ef\u4ee5\u83b7\u5f97\u66f4\u591a\u6709\u5173\u6e38\u89c8\u76ee\u7684\u5730\u3001\u666f\u70b9\u3001\u5f00\u653e\u65f6\u95f4\u548c\u4ea4\u901a\u8fde\u63a5\u7684\u4fe1\u606f\u8d44\u6599\u3002\u00a0<\/p>\n<p>\u00a0<\/p>\t\t\t\t\t\t\t\t<\/div>\n\t\t\t\t<\/div>\n\t\t\t\t<div class=\"elementor-element elementor-element-3720bff elementor-widget-divider--view-line elementor-widget elementor-widget-divider\" data-id=\"3720bff\" data-element_type=\"widget\" data-widget_type=\"divider.default\">\n\t\t\t\t<div class=\"elementor-widget-container\">\n\t\t\t\t\t\t\t<div class=\"elementor-divider\">\n\t\t\t<span class=\"elementor-divider-separator\">\n\t\t\t\t\t\t<\/span>\n\t\t<\/div>\n\t\t\t\t\t\t<\/div>\n\t\t\t\t<\/div>\n\t\t\t\t<\/div>\n\t\t\t\t\t<\/div>\n\t\t\t\t<\/div>\n\t\t\t\t<\/div>","protected":false},"excerpt":{"rendered":"<p>Umgebung des Hotels Landhaus Schlachtensee &#8222;In der Stille der Natur finden wir den wahren Reichtum des Lebens \u2013 Zeit, Frieden und das Gef\u00fchl, angekommen zu sein.&#8220; Natur pur &#8211; Mitten in Berlin Freizeit\/Erholung In erster Linie muss hier nat\u00fcrlich der Schlachtensee erw\u00e4hnt werden. Er ist der s\u00fcdlichste der gro\u00dfen Grunewald-Seenkette. An seinen Ufern befindet sich [&hellip;]<\/p>","protected":false},"author":1,"featured_media":0,"parent":0,"menu_order":0,"comment_status":"closed","ping_status":"closed","template":"","meta":{"footnotes":""},"class_list":["post-142","page","type-page","status-publish","hentry"],"_links":{"self":[{"href":"https:\/\/www.hotel-landhaus-schlachtensee.de\/zh\/wp-json\/wp\/v2\/pages\/142","targetHints":{"allow":["GET"]}}],"collection":[{"href":"https:\/\/www.hotel-landhaus-schlachtensee.de\/zh\/wp-json\/wp\/v2\/pages"}],"about":[{"href":"https:\/\/www.hotel-landhaus-schlachtensee.de\/zh\/wp-json\/wp\/v2\/types\/page"}],"author":[{"embeddable":true,"href":"https:\/\/www.hotel-landhaus-schlachtensee.de\/zh\/wp-json\/wp\/v2\/users\/1"}],"replies":[{"embeddable":true,"href":"https:\/\/www.hotel-landhaus-schlachtensee.de\/zh\/wp-json\/wp\/v2\/comments?post=142"}],"version-history":[{"count":17,"href":"https:\/\/www.hotel-landhaus-schlachtensee.de\/zh\/wp-json\/wp\/v2\/pages\/142\/revisions"}],"predecessor-version":[{"id":166,"href":"https:\/\/www.hotel-landhaus-schlachtensee.de\/zh\/wp-json\/wp\/v2\/pages\/142\/revisions\/166"}],"wp:attachment":[{"href":"https:\/\/www.hotel-landhaus-schlachtensee.de\/zh\/wp-json\/wp\/v2\/media?parent=142"}],"curies":[{"name":"wp","href":"https:\/\/api.w.org\/{rel}","templated":true}]}}